{"id":991,"date":"2020-04-16T09:29:53","date_gmt":"2020-04-16T09:29:53","guid":{"rendered":"https:\/\/www.fundacjapromocjisztuk.org.pl\/?page_id=991"},"modified":"2024-08-18T21:56:17","modified_gmt":"2024-08-18T21:56:17","slug":"sidla","status":"publish","type":"page","link":"https:\/\/www.fundacjapromocjisztuk.org.pl\/?page_id=991","title":{"rendered":"Sid\u0142a"},"content":{"rendered":"\n<p>Cykl, kt\u00f3rego cz\u0119\u015b\u0107 tu prezentujemy namalowany zosta\u0142 technik\u0105 mieszan\u0105 (akwerela, tusz) na kartonie o wym. 29,5 x 21 cm w latach 1990-2000.<\/p>\n\n\n\n<figure class=\"wp-block-gallery columns-4 is-cropped wp-block-gallery-1 is-layout-flex wp-block-gallery-is-layout-flex\"><ul class=\"blocks-gallery-grid\"><li class=\"blocks-gallery-item\"><figure><a href=\"https:\/\/www.fundacjapromocjisztuk.org.pl\/wp-content\/uploads\/2020\/04\/I-SID\u0141A.jpg\"><img loading=\"lazy\" decoding=\"async\" width=\"300\" height=\"212\" src=\"https:\/\/www.fundacjapromocjisztuk.org.pl\/wp-content\/uploads\/2020\/04\/I-SID\u0141A-300x212.jpg\" alt=\"\" data-id=\"773\" data-full-url=\"https:\/\/www.fundacjapromocjisztuk.org.pl\/wp-content\/uploads\/2020\/04\/I-SID\u0141A.jpg\" data-link=\"https:\/\/www.fundacjapromocjisztuk.org.pl\/?attachment_id=773\" class=\"wp-image-773\" srcset=\"https:\/\/www.fundacjapromocjisztuk.org.pl\/wp-content\/uploads\/2020\/04\/I-SID\u0141A-300x212.jpg 300w, https:\/\/www.fundacjapromocjisztuk.org.pl\/wp-content\/uploads\/2020\/04\/I-SID\u0141A-768x544.jpg 768w, https:\/\/www.fundacjapromocjisztuk.org.pl\/wp-content\/uploads\/2020\/04\/I-SID\u0141A.jpg 1024w\" sizes=\"auto, (max-width: 300px) 100vw, 300px\" \/><\/a><figcaption class=\"blocks-gallery-item__caption\">Sid\u0142a\nI<\/figcaption><\/figure><\/li><li class=\"blocks-gallery-item\"><figure><a href=\"https:\/\/www.fundacjapromocjisztuk.org.pl\/wp-content\/uploads\/2020\/04\/II-SID\u0141A.jpg\"><img loading=\"lazy\" decoding=\"async\" width=\"300\" height=\"212\" src=\"https:\/\/www.fundacjapromocjisztuk.org.pl\/wp-content\/uploads\/2020\/04\/II-SID\u0141A-300x212.jpg\" alt=\"\" data-id=\"774\" data-full-url=\"https:\/\/www.fundacjapromocjisztuk.org.pl\/wp-content\/uploads\/2020\/04\/II-SID\u0141A.jpg\" data-link=\"https:\/\/www.fundacjapromocjisztuk.org.pl\/?attachment_id=774\" class=\"wp-image-774\" srcset=\"https:\/\/www.fundacjapromocjisztuk.org.pl\/wp-content\/uploads\/2020\/04\/II-SID\u0141A-300x212.jpg 300w, https:\/\/www.fundacjapromocjisztuk.org.pl\/wp-content\/uploads\/2020\/04\/II-SID\u0141A-768x542.jpg 768w, https:\/\/www.fundacjapromocjisztuk.org.pl\/wp-content\/uploads\/2020\/04\/II-SID\u0141A.jpg 1024w\" sizes=\"auto, (max-width: 300px) 100vw, 300px\" \/><\/a><figcaption class=\"blocks-gallery-item__caption\">Sid\u0142a\nII<\/figcaption><\/figure><\/li><li class=\"blocks-gallery-item\"><figure><a href=\"https:\/\/www.fundacjapromocjisztuk.org.pl\/wp-content\/uploads\/2020\/04\/III-SID\u0141A.jpg\"><img loading=\"lazy\" decoding=\"async\" width=\"300\" height=\"207\" src=\"https:\/\/www.fundacjapromocjisztuk.org.pl\/wp-content\/uploads\/2020\/04\/III-SID\u0141A-300x207.jpg\" alt=\"\" data-id=\"775\" data-full-url=\"https:\/\/www.fundacjapromocjisztuk.org.pl\/wp-content\/uploads\/2020\/04\/III-SID\u0141A.jpg\" data-link=\"https:\/\/www.fundacjapromocjisztuk.org.pl\/?attachment_id=775\" class=\"wp-image-775\" srcset=\"https:\/\/www.fundacjapromocjisztuk.org.pl\/wp-content\/uploads\/2020\/04\/III-SID\u0141A-300x207.jpg 300w, https:\/\/www.fundacjapromocjisztuk.org.pl\/wp-content\/uploads\/2020\/04\/III-SID\u0141A-768x530.jpg 768w, https:\/\/www.fundacjapromocjisztuk.org.pl\/wp-content\/uploads\/2020\/04\/III-SID\u0141A.jpg 1024w\" sizes=\"auto, (max-width: 300px) 100vw, 300px\" \/><\/a><figcaption class=\"blocks-gallery-item__caption\">Sid\u0142a\nIII<\/figcaption><\/figure><\/li><li class=\"blocks-gallery-item\"><figure><a href=\"https:\/\/www.fundacjapromocjisztuk.org.pl\/wp-content\/uploads\/2020\/04\/IV-SID\u0141A.jpg\"><img loading=\"lazy\" decoding=\"async\" width=\"300\" height=\"214\" src=\"https:\/\/www.fundacjapromocjisztuk.org.pl\/wp-content\/uploads\/2020\/04\/IV-SID\u0141A-300x214.jpg\" alt=\"\" data-id=\"776\" data-full-url=\"https:\/\/www.fundacjapromocjisztuk.org.pl\/wp-content\/uploads\/2020\/04\/IV-SID\u0141A.jpg\" data-link=\"https:\/\/www.fundacjapromocjisztuk.org.pl\/?attachment_id=776\" class=\"wp-image-776\" srcset=\"https:\/\/www.fundacjapromocjisztuk.org.pl\/wp-content\/uploads\/2020\/04\/IV-SID\u0141A-300x214.jpg 300w, https:\/\/www.fundacjapromocjisztuk.org.pl\/wp-content\/uploads\/2020\/04\/IV-SID\u0141A-768x548.jpg 768w, https:\/\/www.fundacjapromocjisztuk.org.pl\/wp-content\/uploads\/2020\/04\/IV-SID\u0141A.jpg 1024w\" sizes=\"auto, (max-width: 300px) 100vw, 300px\" \/><\/a><figcaption class=\"blocks-gallery-item__caption\">Sid\u0142a\nIV<\/figcaption><\/figure><\/li><li class=\"blocks-gallery-item\"><figure><a href=\"https:\/\/www.fundacjapromocjisztuk.org.pl\/wp-content\/uploads\/2020\/04\/V-SID\u0141A.jpg\"><img loading=\"lazy\" decoding=\"async\" width=\"300\" height=\"212\" src=\"https:\/\/www.fundacjapromocjisztuk.org.pl\/wp-content\/uploads\/2020\/04\/V-SID\u0141A-300x212.jpg\" alt=\"\" data-id=\"778\" data-full-url=\"https:\/\/www.fundacjapromocjisztuk.org.pl\/wp-content\/uploads\/2020\/04\/V-SID\u0141A.jpg\" data-link=\"https:\/\/www.fundacjapromocjisztuk.org.pl\/?attachment_id=778\" class=\"wp-image-778\" srcset=\"https:\/\/www.fundacjapromocjisztuk.org.pl\/wp-content\/uploads\/2020\/04\/V-SID\u0141A-300x212.jpg 300w, https:\/\/www.fundacjapromocjisztuk.org.pl\/wp-content\/uploads\/2020\/04\/V-SID\u0141A-768x543.jpg 768w, https:\/\/www.fundacjapromocjisztuk.org.pl\/wp-content\/uploads\/2020\/04\/V-SID\u0141A.jpg 1024w\" sizes=\"auto, (max-width: 300px) 100vw, 300px\" \/><\/a><figcaption class=\"blocks-gallery-item__caption\">Sid\u0142a\nV<\/figcaption><\/figure><\/li><li class=\"blocks-gallery-item\"><figure><a href=\"https:\/\/www.fundacjapromocjisztuk.org.pl\/wp-content\/uploads\/2020\/04\/VI-SID\u0141A.jpg\"><img loading=\"lazy\" decoding=\"async\" width=\"300\" height=\"207\" src=\"https:\/\/www.fundacjapromocjisztuk.org.pl\/wp-content\/uploads\/2020\/04\/VI-SID\u0141A-300x207.jpg\" alt=\"\" data-id=\"779\" data-full-url=\"https:\/\/www.fundacjapromocjisztuk.org.pl\/wp-content\/uploads\/2020\/04\/VI-SID\u0141A.jpg\" data-link=\"https:\/\/www.fundacjapromocjisztuk.org.pl\/?attachment_id=779\" class=\"wp-image-779\" srcset=\"https:\/\/www.fundacjapromocjisztuk.org.pl\/wp-content\/uploads\/2020\/04\/VI-SID\u0141A-300x207.jpg 300w, https:\/\/www.fundacjapromocjisztuk.org.pl\/wp-content\/uploads\/2020\/04\/VI-SID\u0141A-768x530.jpg 768w, https:\/\/www.fundacjapromocjisztuk.org.pl\/wp-content\/uploads\/2020\/04\/VI-SID\u0141A.jpg 1024w\" sizes=\"auto, (max-width: 300px) 100vw, 300px\" \/><\/a><figcaption class=\"blocks-gallery-item__caption\">Sid\u0142a\nVI<\/figcaption><\/figure><\/li><li class=\"blocks-gallery-item\"><figure><a href=\"https:\/\/www.fundacjapromocjisztuk.org.pl\/wp-content\/uploads\/2020\/04\/VII-SID\u0141A.jpg\"><img loading=\"lazy\" decoding=\"async\" width=\"300\" height=\"207\" src=\"https:\/\/www.fundacjapromocjisztuk.org.pl\/wp-content\/uploads\/2020\/04\/VII-SID\u0141A-300x207.jpg\" alt=\"\" data-id=\"780\" data-full-url=\"https:\/\/www.fundacjapromocjisztuk.org.pl\/wp-content\/uploads\/2020\/04\/VII-SID\u0141A.jpg\" data-link=\"https:\/\/www.fundacjapromocjisztuk.org.pl\/?attachment_id=780\" class=\"wp-image-780\" srcset=\"https:\/\/www.fundacjapromocjisztuk.org.pl\/wp-content\/uploads\/2020\/04\/VII-SID\u0141A-300x207.jpg 300w, https:\/\/www.fundacjapromocjisztuk.org.pl\/wp-content\/uploads\/2020\/04\/VII-SID\u0141A-768x530.jpg 768w, https:\/\/www.fundacjapromocjisztuk.org.pl\/wp-content\/uploads\/2020\/04\/VII-SID\u0141A.jpg 1024w\" sizes=\"auto, (max-width: 300px) 100vw, 300px\" \/><\/a><figcaption class=\"blocks-gallery-item__caption\">Sid\u0142a\nVII<\/figcaption><\/figure><\/li><li class=\"blocks-gallery-item\"><figure><a href=\"https:\/\/www.fundacjapromocjisztuk.org.pl\/wp-content\/uploads\/2020\/04\/VIII-SID\u0141A.jpg\"><img loading=\"lazy\" decoding=\"async\" width=\"300\" height=\"214\" src=\"https:\/\/www.fundacjapromocjisztuk.org.pl\/wp-content\/uploads\/2020\/04\/VIII-SID\u0141A-300x214.jpg\" alt=\"\" data-id=\"781\" data-full-url=\"https:\/\/www.fundacjapromocjisztuk.org.pl\/wp-content\/uploads\/2020\/04\/VIII-SID\u0141A.jpg\" data-link=\"https:\/\/www.fundacjapromocjisztuk.org.pl\/?attachment_id=781\" class=\"wp-image-781\" srcset=\"https:\/\/www.fundacjapromocjisztuk.org.pl\/wp-content\/uploads\/2020\/04\/VIII-SID\u0141A-300x214.jpg 300w, https:\/\/www.fundacjapromocjisztuk.org.pl\/wp-content\/uploads\/2020\/04\/VIII-SID\u0141A-768x548.jpg 768w, https:\/\/www.fundacjapromocjisztuk.org.pl\/wp-content\/uploads\/2020\/04\/VIII-SID\u0141A.jpg 1024w\" sizes=\"auto, (max-width: 300px) 100vw, 300px\" \/><\/a><figcaption class=\"blocks-gallery-item__caption\">Sid\u0142a\nVIII<\/figcaption><\/figure><\/li><li class=\"blocks-gallery-item\"><figure><a href=\"https:\/\/www.fundacjapromocjisztuk.org.pl\/wp-content\/uploads\/2020\/04\/IX-SID\u0141A.jpg\"><img loading=\"lazy\" decoding=\"async\" width=\"300\" height=\"214\" src=\"https:\/\/www.fundacjapromocjisztuk.org.pl\/wp-content\/uploads\/2020\/04\/IX-SID\u0141A-300x214.jpg\" alt=\"\" data-id=\"777\" data-full-url=\"https:\/\/www.fundacjapromocjisztuk.org.pl\/wp-content\/uploads\/2020\/04\/IX-SID\u0141A.jpg\" data-link=\"https:\/\/www.fundacjapromocjisztuk.org.pl\/?attachment_id=777\" class=\"wp-image-777\" srcset=\"https:\/\/www.fundacjapromocjisztuk.org.pl\/wp-content\/uploads\/2020\/04\/IX-SID\u0141A-300x214.jpg 300w, https:\/\/www.fundacjapromocjisztuk.org.pl\/wp-content\/uploads\/2020\/04\/IX-SID\u0141A-768x548.jpg 768w, https:\/\/www.fundacjapromocjisztuk.org.pl\/wp-content\/uploads\/2020\/04\/IX-SID\u0141A.jpg 1024w\" sizes=\"auto, (max-width: 300px) 100vw, 300px\" \/><\/a><figcaption class=\"blocks-gallery-item__caption\">Sid\u0142a\nIX<\/figcaption><\/figure><\/li><\/ul><\/figure>\n","protected":false},"excerpt":{"rendered":"<p>Cykl, kt\u00f3rego cz\u0119\u015b\u0107 tu prezentujemy namalowany zosta\u0142 technik\u0105 mieszan\u0105 (akwerela, tusz) na kartonie o wym. 29,5 x 21 cm w latach 1990-2000.<\/p>\n","protected":false},"author":1,"featured_media":0,"parent":763,"menu_order":2,"comment_status":"closed","ping_status":"closed","template":"onecolumn-page.php","meta":{"footnotes":""},"class_list":["post-991","page","type-page","status-publish","hentry"],"_links":{"self":[{"href":"https:\/\/www.fundacjapromocjisztuk.org.pl\/index.php?rest_route=\/wp\/v2\/pages\/991","targetHints":{"allow":["GET"]}}],"collection":[{"href":"https:\/\/www.fundacjapromocjisztuk.org.pl\/index.php?rest_route=\/wp\/v2\/pages"}],"about":[{"href":"https:\/\/www.fundacjapromocjisztuk.org.pl\/index.php?rest_route=\/wp\/v2\/types\/page"}],"author":[{"embeddable":true,"href":"https:\/\/www.fundacjapromocjisztuk.org.pl\/index.php?rest_route=\/wp\/v2\/users\/1"}],"replies":[{"embeddable":true,"href":"https:\/\/www.fundacjapromocjisztuk.org.pl\/index.php?rest_route=%2Fwp%2Fv2%2Fcomments&post=991"}],"version-history":[{"count":2,"href":"https:\/\/www.fundacjapromocjisztuk.org.pl\/index.php?rest_route=\/wp\/v2\/pages\/991\/revisions"}],"predecessor-version":[{"id":993,"href":"https:\/\/www.fundacjapromocjisztuk.org.pl\/index.php?rest_route=\/wp\/v2\/pages\/991\/revisions\/993"}],"up":[{"embeddable":true,"href":"https:\/\/www.fundacjapromocjisztuk.org.pl\/index.php?rest_route=\/wp\/v2\/pages\/763"}],"wp:attachment":[{"href":"https:\/\/www.fundacjapromocjisztuk.org.pl\/index.php?rest_route=%2Fwp%2Fv2%2Fmedia&parent=991"}],"curies":[{"name":"wp","href":"https:\/\/api.w.org\/{rel}","templated":true}]}}