{"id":941,"date":"2020-04-15T13:52:46","date_gmt":"2020-04-15T13:52:46","guid":{"rendered":"https:\/\/www.fundacjapromocjisztuk.org.pl\/?page_id=941"},"modified":"2024-08-18T21:56:17","modified_gmt":"2024-08-18T21:56:17","slug":"gobeliny-projekty","status":"publish","type":"page","link":"https:\/\/www.fundacjapromocjisztuk.org.pl\/?page_id=941","title":{"rendered":"Gobeliny. Projekty."},"content":{"rendered":"\n<figure class=\"wp-block-gallery columns-4 is-cropped wp-block-gallery-1 is-layout-flex wp-block-gallery-is-layout-flex\"><ul class=\"blocks-gallery-grid\"><li class=\"blocks-gallery-item\"><figure><a href=\"https:\/\/www.fundacjapromocjisztuk.org.pl\/wp-content\/uploads\/2020\/04\/35_P8030074_UMIERAJ\u0104CY-PTAK_projekt-gobelinu_200x200_1950.jpg\"><img loading=\"lazy\" decoding=\"async\" width=\"300\" height=\"280\" src=\"https:\/\/www.fundacjapromocjisztuk.org.pl\/wp-content\/uploads\/2020\/04\/35_P8030074_UMIERAJ\u0104CY-PTAK_projekt-gobelinu_200x200_1950-300x280.jpg\" alt=\"Umieraj\u0105cy ptak, 1950\" data-id=\"947\" data-full-url=\"https:\/\/www.fundacjapromocjisztuk.org.pl\/wp-content\/uploads\/2020\/04\/35_P8030074_UMIERAJ\u0104CY-PTAK_projekt-gobelinu_200x200_1950.jpg\" data-link=\"https:\/\/www.fundacjapromocjisztuk.org.pl\/?attachment_id=947\" class=\"wp-image-947\" srcset=\"https:\/\/www.fundacjapromocjisztuk.org.pl\/wp-content\/uploads\/2020\/04\/35_P8030074_UMIERAJ\u0104CY-PTAK_projekt-gobelinu_200x200_1950-300x280.jpg 300w, https:\/\/www.fundacjapromocjisztuk.org.pl\/wp-content\/uploads\/2020\/04\/35_P8030074_UMIERAJ\u0104CY-PTAK_projekt-gobelinu_200x200_1950-1024x954.jpg 1024w, https:\/\/www.fundacjapromocjisztuk.org.pl\/wp-content\/uploads\/2020\/04\/35_P8030074_UMIERAJ\u0104CY-PTAK_projekt-gobelinu_200x200_1950-768x716.jpg 768w, https:\/\/www.fundacjapromocjisztuk.org.pl\/wp-content\/uploads\/2020\/04\/35_P8030074_UMIERAJ\u0104CY-PTAK_projekt-gobelinu_200x200_1950.jpg 1288w\" sizes=\"auto, (max-width: 300px) 100vw, 300px\" \/><\/a><figcaption class=\"blocks-gallery-item__caption\">Umieraj\u0105cy ptak, 1950\nProjekt gobelinu [200 x 200 cm]\nwym. 50 x 50 cm<\/figcaption><\/figure><\/li><li class=\"blocks-gallery-item\"><figure><a href=\"https:\/\/www.fundacjapromocjisztuk.org.pl\/wp-content\/uploads\/2020\/04\/36_P8030075_NOCNY-LOT_projekt-gobelinu_200x300_1952.jpg\"><img loading=\"lazy\" decoding=\"async\" width=\"300\" height=\"225\" src=\"https:\/\/www.fundacjapromocjisztuk.org.pl\/wp-content\/uploads\/2020\/04\/36_P8030075_NOCNY-LOT_projekt-gobelinu_200x300_1952-300x225.jpg\" alt=\"Nocny lot, 1952\" data-id=\"948\" data-full-url=\"https:\/\/www.fundacjapromocjisztuk.org.pl\/wp-content\/uploads\/2020\/04\/36_P8030075_NOCNY-LOT_projekt-gobelinu_200x300_1952.jpg\" data-link=\"https:\/\/www.fundacjapromocjisztuk.org.pl\/?attachment_id=948\" class=\"wp-image-948\" srcset=\"https:\/\/www.fundacjapromocjisztuk.org.pl\/wp-content\/uploads\/2020\/04\/36_P8030075_NOCNY-LOT_projekt-gobelinu_200x300_1952-300x225.jpg 300w, https:\/\/www.fundacjapromocjisztuk.org.pl\/wp-content\/uploads\/2020\/04\/36_P8030075_NOCNY-LOT_projekt-gobelinu_200x300_1952-1024x767.jpg 1024w, https:\/\/www.fundacjapromocjisztuk.org.pl\/wp-content\/uploads\/2020\/04\/36_P8030075_NOCNY-LOT_projekt-gobelinu_200x300_1952-768x575.jpg 768w, https:\/\/www.fundacjapromocjisztuk.org.pl\/wp-content\/uploads\/2020\/04\/36_P8030075_NOCNY-LOT_projekt-gobelinu_200x300_1952-1536x1150.jpg 1536w, https:\/\/www.fundacjapromocjisztuk.org.pl\/wp-content\/uploads\/2020\/04\/36_P8030075_NOCNY-LOT_projekt-gobelinu_200x300_1952-2048x1533.jpg 2048w\" sizes=\"auto, (max-width: 300px) 100vw, 300px\" \/><\/a><figcaption class=\"blocks-gallery-item__caption\">Nocny lot, 1952\nProjekt gobelinu [200 x 300 cm]\nwym. 50 x 70 cm<\/figcaption><\/figure><\/li><li class=\"blocks-gallery-item\"><figure><a href=\"https:\/\/www.fundacjapromocjisztuk.org.pl\/wp-content\/uploads\/2020\/04\/37_P8030076_CZARODZEEJ-OGR\u00d3D_600x200_1943.jpg\"><img loading=\"lazy\" decoding=\"async\" width=\"300\" height=\"210\" src=\"https:\/\/www.fundacjapromocjisztuk.org.pl\/wp-content\/uploads\/2020\/04\/37_P8030076_CZARODZEEJ-OGR\u00d3D_600x200_1943-300x210.jpg\" alt=\"Czarodziej - Ogr\u00f3d, 1943\" data-id=\"949\" data-full-url=\"https:\/\/www.fundacjapromocjisztuk.org.pl\/wp-content\/uploads\/2020\/04\/37_P8030076_CZARODZEEJ-OGR\u00d3D_600x200_1943.jpg\" data-link=\"https:\/\/www.fundacjapromocjisztuk.org.pl\/?attachment_id=949\" class=\"wp-image-949\" srcset=\"https:\/\/www.fundacjapromocjisztuk.org.pl\/wp-content\/uploads\/2020\/04\/37_P8030076_CZARODZEEJ-OGR\u00d3D_600x200_1943-300x210.jpg 300w, https:\/\/www.fundacjapromocjisztuk.org.pl\/wp-content\/uploads\/2020\/04\/37_P8030076_CZARODZEEJ-OGR\u00d3D_600x200_1943-1024x718.jpg 1024w, https:\/\/www.fundacjapromocjisztuk.org.pl\/wp-content\/uploads\/2020\/04\/37_P8030076_CZARODZEEJ-OGR\u00d3D_600x200_1943-768x539.jpg 768w, https:\/\/www.fundacjapromocjisztuk.org.pl\/wp-content\/uploads\/2020\/04\/37_P8030076_CZARODZEEJ-OGR\u00d3D_600x200_1943-1536x1077.jpg 1536w, https:\/\/www.fundacjapromocjisztuk.org.pl\/wp-content\/uploads\/2020\/04\/37_P8030076_CZARODZEEJ-OGR\u00d3D_600x200_1943.jpg 2019w\" sizes=\"auto, (max-width: 300px) 100vw, 300px\" \/><\/a><figcaption class=\"blocks-gallery-item__caption\">Czarodziej &#8211; Ogr\u00f3d, 1943\nProjekt gobelinu [600 x 200 cm]\nwym. 70 x 50 cm<\/figcaption><\/figure><\/li><li class=\"blocks-gallery-item\"><figure><a href=\"https:\/\/www.fundacjapromocjisztuk.org.pl\/wp-content\/uploads\/2020\/04\/P8030051.jpg\"><img loading=\"lazy\" decoding=\"async\" width=\"300\" height=\"225\" src=\"https:\/\/www.fundacjapromocjisztuk.org.pl\/wp-content\/uploads\/2020\/04\/P8030051-300x225.jpg\" alt=\"Kr\u00f3l Dawid \u015bpiewaj\u0105cy Psalmy III, 1950\" data-id=\"954\" data-full-url=\"https:\/\/www.fundacjapromocjisztuk.org.pl\/wp-content\/uploads\/2020\/04\/P8030051.jpg\" data-link=\"https:\/\/www.fundacjapromocjisztuk.org.pl\/?attachment_id=954\" class=\"wp-image-954\" srcset=\"https:\/\/www.fundacjapromocjisztuk.org.pl\/wp-content\/uploads\/2020\/04\/P8030051-300x225.jpg 300w, https:\/\/www.fundacjapromocjisztuk.org.pl\/wp-content\/uploads\/2020\/04\/P8030051-1024x768.jpg 1024w, https:\/\/www.fundacjapromocjisztuk.org.pl\/wp-content\/uploads\/2020\/04\/P8030051-768x576.jpg 768w, https:\/\/www.fundacjapromocjisztuk.org.pl\/wp-content\/uploads\/2020\/04\/P8030051-1536x1152.jpg 1536w, https:\/\/www.fundacjapromocjisztuk.org.pl\/wp-content\/uploads\/2020\/04\/P8030051-2048x1536.jpg 2048w\" sizes=\"auto, (max-width: 300px) 100vw, 300px\" \/><\/a><figcaption class=\"blocks-gallery-item__caption\">Kr\u00f3l Dawid \u015bpiewaj\u0105cy Psalmy III, 1950\nProjekt gobelinu [200 x 300 cm]\nwym. 70 x 50 cm<\/figcaption><\/figure><\/li><li class=\"blocks-gallery-item\"><figure><a href=\"https:\/\/www.fundacjapromocjisztuk.org.pl\/wp-content\/uploads\/2020\/04\/P8030050.jpg\"><img loading=\"lazy\" decoding=\"async\" width=\"300\" height=\"225\" src=\"https:\/\/www.fundacjapromocjisztuk.org.pl\/wp-content\/uploads\/2020\/04\/P8030050-300x225.jpg\" alt=\"Kr\u00f3l Dawid \u015bpiewaj\u0105cy Psalmy II, 1950\" data-id=\"953\" data-full-url=\"https:\/\/www.fundacjapromocjisztuk.org.pl\/wp-content\/uploads\/2020\/04\/P8030050.jpg\" data-link=\"https:\/\/www.fundacjapromocjisztuk.org.pl\/?attachment_id=953\" class=\"wp-image-953\" srcset=\"https:\/\/www.fundacjapromocjisztuk.org.pl\/wp-content\/uploads\/2020\/04\/P8030050-300x225.jpg 300w, https:\/\/www.fundacjapromocjisztuk.org.pl\/wp-content\/uploads\/2020\/04\/P8030050-1024x768.jpg 1024w, https:\/\/www.fundacjapromocjisztuk.org.pl\/wp-content\/uploads\/2020\/04\/P8030050-768x576.jpg 768w, https:\/\/www.fundacjapromocjisztuk.org.pl\/wp-content\/uploads\/2020\/04\/P8030050-1536x1152.jpg 1536w, https:\/\/www.fundacjapromocjisztuk.org.pl\/wp-content\/uploads\/2020\/04\/P8030050-2048x1536.jpg 2048w\" sizes=\"auto, (max-width: 300px) 100vw, 300px\" \/><\/a><figcaption class=\"blocks-gallery-item__caption\">Kr\u00f3l Dawid \u015bpiewaj\u0105cy Psalmy II, 1950\nProjekt gobelinu [200 x 300 cm]\nwym. 70 x 50 cm<\/figcaption><\/figure><\/li><li class=\"blocks-gallery-item\"><figure><a href=\"https:\/\/www.fundacjapromocjisztuk.org.pl\/wp-content\/uploads\/2020\/04\/P8030049.jpg\"><img loading=\"lazy\" decoding=\"async\" width=\"300\" height=\"225\" src=\"https:\/\/www.fundacjapromocjisztuk.org.pl\/wp-content\/uploads\/2020\/04\/P8030049-300x225.jpg\" alt=\"Kr\u00f3l Dawid \u015bpiewaj\u0105cy Psalmy I, 1950\" data-id=\"952\" data-full-url=\"https:\/\/www.fundacjapromocjisztuk.org.pl\/wp-content\/uploads\/2020\/04\/P8030049.jpg\" data-link=\"https:\/\/www.fundacjapromocjisztuk.org.pl\/?attachment_id=952\" class=\"wp-image-952\" srcset=\"https:\/\/www.fundacjapromocjisztuk.org.pl\/wp-content\/uploads\/2020\/04\/P8030049-300x225.jpg 300w, https:\/\/www.fundacjapromocjisztuk.org.pl\/wp-content\/uploads\/2020\/04\/P8030049-1024x768.jpg 1024w, https:\/\/www.fundacjapromocjisztuk.org.pl\/wp-content\/uploads\/2020\/04\/P8030049-768x576.jpg 768w, https:\/\/www.fundacjapromocjisztuk.org.pl\/wp-content\/uploads\/2020\/04\/P8030049-1536x1152.jpg 1536w, https:\/\/www.fundacjapromocjisztuk.org.pl\/wp-content\/uploads\/2020\/04\/P8030049-2048x1536.jpg 2048w\" sizes=\"auto, (max-width: 300px) 100vw, 300px\" \/><\/a><figcaption class=\"blocks-gallery-item__caption\">Kr\u00f3l Dawid \u015bpiewaj\u0105cy Psalmy I, 1950\nProjekt gobelinu [200 x 300 cm]\nwym. 70 x 50 cm<\/figcaption><\/figure><\/li><li class=\"blocks-gallery-item\"><figure><a href=\"https:\/\/www.fundacjapromocjisztuk.org.pl\/wp-content\/uploads\/2020\/04\/39_P8030079_-UMIERAJ\u0104CY-PTAK_prokjekt-gobelinu_200x300_1950.jpg\"><img loading=\"lazy\" decoding=\"async\" width=\"219\" height=\"300\" src=\"https:\/\/www.fundacjapromocjisztuk.org.pl\/wp-content\/uploads\/2020\/04\/39_P8030079_-UMIERAJ\u0104CY-PTAK_prokjekt-gobelinu_200x300_1950-219x300.jpg\" alt=\"Umieraj\u0105cy ptak, 190\" data-id=\"951\" data-full-url=\"https:\/\/www.fundacjapromocjisztuk.org.pl\/wp-content\/uploads\/2020\/04\/39_P8030079_-UMIERAJ\u0104CY-PTAK_prokjekt-gobelinu_200x300_1950.jpg\" data-link=\"https:\/\/www.fundacjapromocjisztuk.org.pl\/?attachment_id=951\" class=\"wp-image-951\" srcset=\"https:\/\/www.fundacjapromocjisztuk.org.pl\/wp-content\/uploads\/2020\/04\/39_P8030079_-UMIERAJ\u0104CY-PTAK_prokjekt-gobelinu_200x300_1950-219x300.jpg 219w, https:\/\/www.fundacjapromocjisztuk.org.pl\/wp-content\/uploads\/2020\/04\/39_P8030079_-UMIERAJ\u0104CY-PTAK_prokjekt-gobelinu_200x300_1950-747x1024.jpg 747w, https:\/\/www.fundacjapromocjisztuk.org.pl\/wp-content\/uploads\/2020\/04\/39_P8030079_-UMIERAJ\u0104CY-PTAK_prokjekt-gobelinu_200x300_1950-768x1053.jpg 768w, https:\/\/www.fundacjapromocjisztuk.org.pl\/wp-content\/uploads\/2020\/04\/39_P8030079_-UMIERAJ\u0104CY-PTAK_prokjekt-gobelinu_200x300_1950-1120x1536.jpg 1120w, https:\/\/www.fundacjapromocjisztuk.org.pl\/wp-content\/uploads\/2020\/04\/39_P8030079_-UMIERAJ\u0104CY-PTAK_prokjekt-gobelinu_200x300_1950-1494x2048.jpg 1494w, https:\/\/www.fundacjapromocjisztuk.org.pl\/wp-content\/uploads\/2020\/04\/39_P8030079_-UMIERAJ\u0104CY-PTAK_prokjekt-gobelinu_200x300_1950.jpg 1564w\" sizes=\"auto, (max-width: 219px) 100vw, 219px\" \/><\/a><figcaption class=\"blocks-gallery-item__caption\">Umieraj\u0105cy ptak, 1950\nprojekt gobelinu [200 x 300 cm]\nwym. 50 x 70 cm<\/figcaption><\/figure><\/li><li class=\"blocks-gallery-item\"><figure><a href=\"https:\/\/www.fundacjapromocjisztuk.org.pl\/wp-content\/uploads\/2020\/04\/38_P8030077_-UMIERAJ\u0104CY-PTAK_projekt-gobelinu_200x300_.jpg\"><img loading=\"lazy\" decoding=\"async\" width=\"221\" height=\"300\" src=\"https:\/\/www.fundacjapromocjisztuk.org.pl\/wp-content\/uploads\/2020\/04\/38_P8030077_-UMIERAJ\u0104CY-PTAK_projekt-gobelinu_200x300_-221x300.jpg\" alt=\"Umieraj\u0105cy ptak, 1950\" data-id=\"950\" data-full-url=\"https:\/\/www.fundacjapromocjisztuk.org.pl\/wp-content\/uploads\/2020\/04\/38_P8030077_-UMIERAJ\u0104CY-PTAK_projekt-gobelinu_200x300_.jpg\" data-link=\"https:\/\/www.fundacjapromocjisztuk.org.pl\/?attachment_id=950\" class=\"wp-image-950\" srcset=\"https:\/\/www.fundacjapromocjisztuk.org.pl\/wp-content\/uploads\/2020\/04\/38_P8030077_-UMIERAJ\u0104CY-PTAK_projekt-gobelinu_200x300_-221x300.jpg 221w, https:\/\/www.fundacjapromocjisztuk.org.pl\/wp-content\/uploads\/2020\/04\/38_P8030077_-UMIERAJ\u0104CY-PTAK_projekt-gobelinu_200x300_-753x1024.jpg 753w, https:\/\/www.fundacjapromocjisztuk.org.pl\/wp-content\/uploads\/2020\/04\/38_P8030077_-UMIERAJ\u0104CY-PTAK_projekt-gobelinu_200x300_-768x1045.jpg 768w, https:\/\/www.fundacjapromocjisztuk.org.pl\/wp-content\/uploads\/2020\/04\/38_P8030077_-UMIERAJ\u0104CY-PTAK_projekt-gobelinu_200x300_-1129x1536.jpg 1129w, https:\/\/www.fundacjapromocjisztuk.org.pl\/wp-content\/uploads\/2020\/04\/38_P8030077_-UMIERAJ\u0104CY-PTAK_projekt-gobelinu_200x300_-1506x2048.jpg 1506w, https:\/\/www.fundacjapromocjisztuk.org.pl\/wp-content\/uploads\/2020\/04\/38_P8030077_-UMIERAJ\u0104CY-PTAK_projekt-gobelinu_200x300_.jpg 1544w\" sizes=\"auto, (max-width: 221px) 100vw, 221px\" \/><\/a><figcaption class=\"blocks-gallery-item__caption\">Umieraj\u0105cy ptak, 1950\nprojekt gobelinu [200 x 300 cm]\nwym. 50 x 70 cm<\/figcaption><\/figure><\/li><\/ul><\/figure>\n","protected":false},"excerpt":{"rendered":"","protected":false},"author":1,"featured_media":0,"parent":790,"menu_order":1,"comment_status":"closed","ping_status":"closed","template":"onecolumn-page.php","meta":{"footnotes":""},"class_list":["post-941","page","type-page","status-publish","hentry"],"_links":{"self":[{"href":"https:\/\/www.fundacjapromocjisztuk.org.pl\/index.php?rest_route=\/wp\/v2\/pages\/941","targetHints":{"allow":["GET"]}}],"collection":[{"href":"https:\/\/www.fundacjapromocjisztuk.org.pl\/index.php?rest_route=\/wp\/v2\/pages"}],"about":[{"href":"https:\/\/www.fundacjapromocjisztuk.org.pl\/index.php?rest_route=\/wp\/v2\/types\/page"}],"author":[{"embeddable":true,"href":"https:\/\/www.fundacjapromocjisztuk.org.pl\/index.php?rest_route=\/wp\/v2\/users\/1"}],"replies":[{"embeddable":true,"href":"https:\/\/www.fundacjapromocjisztuk.org.pl\/index.php?rest_route=%2Fwp%2Fv2%2Fcomments&post=941"}],"version-history":[{"count":3,"href":"https:\/\/www.fundacjapromocjisztuk.org.pl\/index.php?rest_route=\/wp\/v2\/pages\/941\/revisions"}],"predecessor-version":[{"id":959,"href":"https:\/\/www.fundacjapromocjisztuk.org.pl\/index.php?rest_route=\/wp\/v2\/pages\/941\/revisions\/959"}],"up":[{"embeddable":true,"href":"https:\/\/www.fundacjapromocjisztuk.org.pl\/index.php?rest_route=\/wp\/v2\/pages\/790"}],"wp:attachment":[{"href":"https:\/\/www.fundacjapromocjisztuk.org.pl\/index.php?rest_route=%2Fwp%2Fv2%2Fmedia&parent=941"}],"curies":[{"name":"wp","href":"https:\/\/api.w.org\/{rel}","templated":true}]}}