{"id":790,"date":"2020-04-14T12:18:36","date_gmt":"2020-04-14T12:18:36","guid":{"rendered":"https:\/\/www.fundacjapromocjisztuk.org.pl\/?page_id=790"},"modified":"2024-08-18T21:56:17","modified_gmt":"2024-08-18T21:56:17","slug":"tkaniny","status":"publish","type":"page","link":"https:\/\/www.fundacjapromocjisztuk.org.pl\/?page_id=790","title":{"rendered":"Tkaniny."},"content":{"rendered":"\n<div class=\"wp-block-media-text alignwide is-stacked-on-mobile\"><figure class=\"wp-block-media-text__media\"><img loading=\"lazy\" decoding=\"async\" width=\"1024\" height=\"954\" src=\"https:\/\/www.fundacjapromocjisztuk.org.pl\/wp-content\/uploads\/2020\/04\/35_P8030074_UMIERAJ\u0104CY-PTAK_projekt-gobelinu_200x200_1950-1024x954.jpg\" alt=\"Umieraj\u0105cy ptak, 1950\" class=\"wp-image-947\" srcset=\"https:\/\/www.fundacjapromocjisztuk.org.pl\/wp-content\/uploads\/2020\/04\/35_P8030074_UMIERAJ\u0104CY-PTAK_projekt-gobelinu_200x200_1950-1024x954.jpg 1024w, https:\/\/www.fundacjapromocjisztuk.org.pl\/wp-content\/uploads\/2020\/04\/35_P8030074_UMIERAJ\u0104CY-PTAK_projekt-gobelinu_200x200_1950-300x280.jpg 300w, https:\/\/www.fundacjapromocjisztuk.org.pl\/wp-content\/uploads\/2020\/04\/35_P8030074_UMIERAJ\u0104CY-PTAK_projekt-gobelinu_200x200_1950-768x716.jpg 768w, https:\/\/www.fundacjapromocjisztuk.org.pl\/wp-content\/uploads\/2020\/04\/35_P8030074_UMIERAJ\u0104CY-PTAK_projekt-gobelinu_200x200_1950.jpg 1288w\" sizes=\"auto, (max-width: 1024px) 100vw, 1024px\" \/><\/figure><div class=\"wp-block-media-text__content\">\n<p class=\"has-large-font-size\">Gobeliny. Projekty<\/p>\n<\/div><\/div>\n\n\n\n<p class=\"has-text-align-center has-small-font-size\"><a rel=\"noreferrer noopener\" href=\"https:\/\/www.fundacjapromocjisztuk.org.pl\/?page_id=941\" target=\"_blank\">Zobacz galeri\u0119.<\/a><\/p>\n\n\n\n<div class=\"wp-block-media-text alignwide is-stacked-on-mobile\"><figure class=\"wp-block-media-text__media\"><img loading=\"lazy\" decoding=\"async\" width=\"1024\" height=\"762\" src=\"https:\/\/www.fundacjapromocjisztuk.org.pl\/wp-content\/uploads\/2020\/04\/02_P8030031_KURTYNA-projekt_40x30_mal_50.-1024x762.jpg\" alt=\"Projekt kurtyny, lata 50\" class=\"wp-image-975\" srcset=\"https:\/\/www.fundacjapromocjisztuk.org.pl\/wp-content\/uploads\/2020\/04\/02_P8030031_KURTYNA-projekt_40x30_mal_50.-1024x762.jpg 1024w, https:\/\/www.fundacjapromocjisztuk.org.pl\/wp-content\/uploads\/2020\/04\/02_P8030031_KURTYNA-projekt_40x30_mal_50.-300x223.jpg 300w, https:\/\/www.fundacjapromocjisztuk.org.pl\/wp-content\/uploads\/2020\/04\/02_P8030031_KURTYNA-projekt_40x30_mal_50.-768x572.jpg 768w, https:\/\/www.fundacjapromocjisztuk.org.pl\/wp-content\/uploads\/2020\/04\/02_P8030031_KURTYNA-projekt_40x30_mal_50.-1536x1143.jpg 1536w, https:\/\/www.fundacjapromocjisztuk.org.pl\/wp-content\/uploads\/2020\/04\/02_P8030031_KURTYNA-projekt_40x30_mal_50.-2048x1525.jpg 2048w\" sizes=\"auto, (max-width: 1024px) 100vw, 1024px\" \/><\/figure><div class=\"wp-block-media-text__content\">\n<p class=\"has-large-font-size\">Kurtyny. Projekty<\/p>\n<\/div><\/div>\n\n\n\n<p class=\"has-text-align-center has-small-font-size\"><a rel=\"noreferrer noopener\" href=\"https:\/\/www.fundacjapromocjisztuk.org.pl\/?page_id=977\" target=\"_blank\">Zobacz galeri\u0119.<\/a><\/p>\n\n\n\n<div class=\"wp-block-media-text alignwide is-stacked-on-mobile\"><figure class=\"wp-block-media-text__media\"><img loading=\"lazy\" decoding=\"async\" width=\"683\" height=\"1024\" src=\"https:\/\/www.fundacjapromocjisztuk.org.pl\/wp-content\/uploads\/2020\/04\/sadley_78-683x1024.jpg\" alt=\"\" class=\"wp-image-1134\" srcset=\"https:\/\/www.fundacjapromocjisztuk.org.pl\/wp-content\/uploads\/2020\/04\/sadley_78-683x1024.jpg 683w, https:\/\/www.fundacjapromocjisztuk.org.pl\/wp-content\/uploads\/2020\/04\/sadley_78-200x300.jpg 200w, https:\/\/www.fundacjapromocjisztuk.org.pl\/wp-content\/uploads\/2020\/04\/sadley_78-768x1152.jpg 768w, https:\/\/www.fundacjapromocjisztuk.org.pl\/wp-content\/uploads\/2020\/04\/sadley_78-1024x1536.jpg 1024w, https:\/\/www.fundacjapromocjisztuk.org.pl\/wp-content\/uploads\/2020\/04\/sadley_78-1365x2048.jpg 1365w, https:\/\/www.fundacjapromocjisztuk.org.pl\/wp-content\/uploads\/2020\/04\/sadley_78-scaled.jpg 1707w\" sizes=\"auto, (max-width: 683px) 100vw, 683px\" \/><\/figure><div class=\"wp-block-media-text__content\">\n<p class=\"has-text-align-center has-large-font-size\">Siatki<\/p>\n<\/div><\/div>\n\n\n\n<p class=\"has-text-align-center\"><a href=\"https:\/\/www.fundacjapromocjisztuk.org.pl\/?page_id=1127\" target=\"_blank\" rel=\"noreferrer noopener\">Zobacz galeri\u0119.<\/a><\/p>\n","protected":false},"excerpt":{"rendered":"<p>Gobeliny. Projekty Zobacz galeri\u0119. Kurtyny. Projekty Zobacz galeri\u0119. Siatki Zobacz galeri\u0119.<\/p>\n","protected":false},"author":1,"featured_media":0,"parent":43,"menu_order":0,"comment_status":"closed","ping_status":"closed","template":"","meta":{"footnotes":""},"class_list":["post-790","page","type-page","status-publish","hentry"],"_links":{"self":[{"href":"https:\/\/www.fundacjapromocjisztuk.org.pl\/index.php?rest_route=\/wp\/v2\/pages\/790","targetHints":{"allow":["GET"]}}],"collection":[{"href":"https:\/\/www.fundacjapromocjisztuk.org.pl\/index.php?rest_route=\/wp\/v2\/pages"}],"about":[{"href":"https:\/\/www.fundacjapromocjisztuk.org.pl\/index.php?rest_route=\/wp\/v2\/types\/page"}],"author":[{"embeddable":true,"href":"https:\/\/www.fundacjapromocjisztuk.org.pl\/index.php?rest_route=\/wp\/v2\/users\/1"}],"replies":[{"embeddable":true,"href":"https:\/\/www.fundacjapromocjisztuk.org.pl\/index.php?rest_route=%2Fwp%2Fv2%2Fcomments&post=790"}],"version-history":[{"count":6,"href":"https:\/\/www.fundacjapromocjisztuk.org.pl\/index.php?rest_route=\/wp\/v2\/pages\/790\/revisions"}],"predecessor-version":[{"id":1140,"href":"https:\/\/www.fundacjapromocjisztuk.org.pl\/index.php?rest_route=\/wp\/v2\/pages\/790\/revisions\/1140"}],"up":[{"embeddable":true,"href":"https:\/\/www.fundacjapromocjisztuk.org.pl\/index.php?rest_route=\/wp\/v2\/pages\/43"}],"wp:attachment":[{"href":"https:\/\/www.fundacjapromocjisztuk.org.pl\/index.php?rest_route=%2Fwp%2Fv2%2Fmedia&parent=790"}],"curies":[{"name":"wp","href":"https:\/\/api.w.org\/{rel}","templated":true}]}}