{"id":763,"date":"2020-04-14T11:17:20","date_gmt":"2020-04-14T11:17:20","guid":{"rendered":"https:\/\/www.fundacjapromocjisztuk.org.pl\/?page_id=763"},"modified":"2024-08-18T21:56:17","modified_gmt":"2024-08-18T21:56:17","slug":"swieto-wiosny","status":"publish","type":"page","link":"https:\/\/www.fundacjapromocjisztuk.org.pl\/?page_id=763","title":{"rendered":"Malarstwo"},"content":{"rendered":"\n<p class=\"has-normal-font-size\"><\/p>\n\n\n\n<div class=\"wp-block-media-text alignwide is-stacked-on-mobile\"><figure class=\"wp-block-media-text__media\"><img loading=\"lazy\" decoding=\"async\" width=\"719\" height=\"1024\" src=\"https:\/\/www.fundacjapromocjisztuk.org.pl\/wp-content\/uploads\/2020\/04\/\u015awi\u0119to-Wiosny-2019_16-719x1024.jpg\" alt=\"\" class=\"wp-image-755\" srcset=\"https:\/\/www.fundacjapromocjisztuk.org.pl\/wp-content\/uploads\/2020\/04\/\u015awi\u0119to-Wiosny-2019_16-719x1024.jpg 719w, https:\/\/www.fundacjapromocjisztuk.org.pl\/wp-content\/uploads\/2020\/04\/\u015awi\u0119to-Wiosny-2019_16-211x300.jpg 211w, https:\/\/www.fundacjapromocjisztuk.org.pl\/wp-content\/uploads\/2020\/04\/\u015awi\u0119to-Wiosny-2019_16-768x1093.jpg 768w, https:\/\/www.fundacjapromocjisztuk.org.pl\/wp-content\/uploads\/2020\/04\/\u015awi\u0119to-Wiosny-2019_16-1079x1536.jpg 1079w, https:\/\/www.fundacjapromocjisztuk.org.pl\/wp-content\/uploads\/2020\/04\/\u015awi\u0119to-Wiosny-2019_16-1439x2048.jpg 1439w, https:\/\/www.fundacjapromocjisztuk.org.pl\/wp-content\/uploads\/2020\/04\/\u015awi\u0119to-Wiosny-2019_16-scaled.jpg 1798w\" sizes=\"auto, (max-width: 719px) 100vw, 719px\" \/><\/figure><div class=\"wp-block-media-text__content\">\n<p class=\"has-text-align-center has-large-font-size\">\u015awi\u0119to Wiosny<\/p>\n\n\n\n<p class=\"has-text-align-center has-medium-font-size\">2019<\/p>\n<\/div><\/div>\n\n\n\n<p class=\"has-text-align-center\"><a rel=\"noreferrer noopener\" href=\"https:\/\/www.fundacjapromocjisztuk.org.pl\/?page_id=981\" target=\"_blank\">Zobacz galeri\u0119.<\/a><\/p>\n\n\n\n<div class=\"wp-block-media-text alignwide is-stacked-on-mobile\"><figure class=\"wp-block-media-text__media\"><img loading=\"lazy\" decoding=\"async\" width=\"741\" height=\"1024\" src=\"https:\/\/www.fundacjapromocjisztuk.org.pl\/wp-content\/uploads\/2020\/04\/0_19-741x1024.jpeg\" alt=\"\" class=\"wp-image-1006\" srcset=\"https:\/\/www.fundacjapromocjisztuk.org.pl\/wp-content\/uploads\/2020\/04\/0_19-741x1024.jpeg 741w, https:\/\/www.fundacjapromocjisztuk.org.pl\/wp-content\/uploads\/2020\/04\/0_19-217x300.jpeg 217w, https:\/\/www.fundacjapromocjisztuk.org.pl\/wp-content\/uploads\/2020\/04\/0_19-768x1062.jpeg 768w, https:\/\/www.fundacjapromocjisztuk.org.pl\/wp-content\/uploads\/2020\/04\/0_19-1111x1536.jpeg 1111w, https:\/\/www.fundacjapromocjisztuk.org.pl\/wp-content\/uploads\/2020\/04\/0_19.jpeg 1134w\" sizes=\"auto, (max-width: 741px) 100vw, 741px\" \/><\/figure><div class=\"wp-block-media-text__content\">\n<p class=\"has-text-align-left has-large-font-size\">Kolekcja nocnych i dziennych motyli<\/p>\n\n\n\n<p class=\"has-text-align-center has-medium-font-size\">Lata 2011-2015<\/p>\n<\/div><\/div>\n\n\n\n<p class=\"has-text-align-center has-small-font-size\"><a href=\"https:\/\/www.fundacjapromocjisztuk.org.pl\/?page_id=997\" target=\"_blank\" rel=\"noreferrer noopener\">Zobacz galeri\u0119.<\/a><\/p>\n\n\n\n<div class=\"wp-block-media-text alignwide is-stacked-on-mobile\"><figure class=\"wp-block-media-text__media\"><img loading=\"lazy\" decoding=\"async\" width=\"1024\" height=\"731\" src=\"https:\/\/www.fundacjapromocjisztuk.org.pl\/wp-content\/uploads\/2020\/04\/VIII-SID\u0141A.jpg\" alt=\"\" class=\"wp-image-781\" srcset=\"https:\/\/www.fundacjapromocjisztuk.org.pl\/wp-content\/uploads\/2020\/04\/VIII-SID\u0141A.jpg 1024w, https:\/\/www.fundacjapromocjisztuk.org.pl\/wp-content\/uploads\/2020\/04\/VIII-SID\u0141A-300x214.jpg 300w, https:\/\/www.fundacjapromocjisztuk.org.pl\/wp-content\/uploads\/2020\/04\/VIII-SID\u0141A-768x548.jpg 768w\" sizes=\"auto, (max-width: 1024px) 100vw, 1024px\" \/><\/figure><div class=\"wp-block-media-text__content\">\n<p class=\"has-text-align-center has-large-font-size\">Sid\u0142a<\/p>\n\n\n\n<p class=\"has-text-align-center has-medium-font-size\">Lata 1990-2000<\/p>\n<\/div><\/div>\n\n\n\n<p class=\"has-text-align-center has-small-font-size\"><a rel=\"noreferrer noopener\" href=\"https:\/\/www.fundacjapromocjisztuk.org.pl\/?page_id=991\" target=\"_blank\">Zobacz galeri\u0119.<\/a><\/p>\n\n\n\n<div class=\"wp-block-media-text alignwide is-stacked-on-mobile\"><figure class=\"wp-block-media-text__media\"><img loading=\"lazy\" decoding=\"async\" width=\"1024\" height=\"683\" src=\"https:\/\/www.fundacjapromocjisztuk.org.pl\/wp-content\/uploads\/2020\/04\/IV_IMG_5414_CA\u0141UN-1024x683.jpg\" alt=\"\" class=\"wp-image-1057\" srcset=\"https:\/\/www.fundacjapromocjisztuk.org.pl\/wp-content\/uploads\/2020\/04\/IV_IMG_5414_CA\u0141UN-1024x683.jpg 1024w, https:\/\/www.fundacjapromocjisztuk.org.pl\/wp-content\/uploads\/2020\/04\/IV_IMG_5414_CA\u0141UN-300x200.jpg 300w, https:\/\/www.fundacjapromocjisztuk.org.pl\/wp-content\/uploads\/2020\/04\/IV_IMG_5414_CA\u0141UN-768x512.jpg 768w, https:\/\/www.fundacjapromocjisztuk.org.pl\/wp-content\/uploads\/2020\/04\/IV_IMG_5414_CA\u0141UN-1536x1024.jpg 1536w, https:\/\/www.fundacjapromocjisztuk.org.pl\/wp-content\/uploads\/2020\/04\/IV_IMG_5414_CA\u0141UN-2048x1365.jpg 2048w\" sizes=\"auto, (max-width: 1024px) 100vw, 1024px\" \/><\/figure><div class=\"wp-block-media-text__content\">\n<p class=\"has-text-align-center has-large-font-size\">Ca\u0142uny<\/p>\n\n\n\n<p class=\"has-text-align-center has-medium-font-size\">Lata 2000.<\/p>\n<\/div><\/div>\n\n\n\n<p class=\"has-text-align-center has-small-font-size\"><a href=\"https:\/\/www.fundacjapromocjisztuk.org.pl\/?page_id=1067\" target=\"_blank\" rel=\"noreferrer noopener\">Zobacz galeri\u0119.<\/a><\/p>\n","protected":false},"excerpt":{"rendered":"<p>\u015awi\u0119to Wiosny 2019 Zobacz galeri\u0119. Kolekcja nocnych i dziennych motyli Lata 2011-2015 Zobacz galeri\u0119. Sid\u0142a Lata 1990-2000 Zobacz galeri\u0119. Ca\u0142uny Lata 2000. Zobacz galeri\u0119.<\/p>\n","protected":false},"author":1,"featured_media":0,"parent":43,"menu_order":0,"comment_status":"closed","ping_status":"closed","template":"onecolumn-page.php","meta":{"footnotes":""},"class_list":["post-763","page","type-page","status-publish","hentry"],"_links":{"self":[{"href":"https:\/\/www.fundacjapromocjisztuk.org.pl\/index.php?rest_route=\/wp\/v2\/pages\/763","targetHints":{"allow":["GET"]}}],"collection":[{"href":"https:\/\/www.fundacjapromocjisztuk.org.pl\/index.php?rest_route=\/wp\/v2\/pages"}],"about":[{"href":"https:\/\/www.fundacjapromocjisztuk.org.pl\/index.php?rest_route=\/wp\/v2\/types\/page"}],"author":[{"embeddable":true,"href":"https:\/\/www.fundacjapromocjisztuk.org.pl\/index.php?rest_route=\/wp\/v2\/users\/1"}],"replies":[{"embeddable":true,"href":"https:\/\/www.fundacjapromocjisztuk.org.pl\/index.php?rest_route=%2Fwp%2Fv2%2Fcomments&post=763"}],"version-history":[{"count":13,"href":"https:\/\/www.fundacjapromocjisztuk.org.pl\/index.php?rest_route=\/wp\/v2\/pages\/763\/revisions"}],"predecessor-version":[{"id":1070,"href":"https:\/\/www.fundacjapromocjisztuk.org.pl\/index.php?rest_route=\/wp\/v2\/pages\/763\/revisions\/1070"}],"up":[{"embeddable":true,"href":"https:\/\/www.fundacjapromocjisztuk.org.pl\/index.php?rest_route=\/wp\/v2\/pages\/43"}],"wp:attachment":[{"href":"https:\/\/www.fundacjapromocjisztuk.org.pl\/index.php?rest_route=%2Fwp%2Fv2%2Fmedia&parent=763"}],"curies":[{"name":"wp","href":"https:\/\/api.w.org\/{rel}","templated":true}]}}