{"id":48,"date":"2020-04-01T14:36:23","date_gmt":"2020-04-01T14:36:23","guid":{"rendered":"https:\/\/www.fundacjapromocjisztuk.org.pl\/?page_id=48"},"modified":"2024-08-18T21:56:29","modified_gmt":"2024-08-18T21:56:29","slug":"gustaw-zemla","status":"publish","type":"page","link":"https:\/\/www.fundacjapromocjisztuk.org.pl\/?page_id=48","title":{"rendered":"Gustaw Zem\u0142a"},"content":{"rendered":"\r\n<p class=\"has-medium-font-size\">Jeste\u015bmy w trakcie odzyskiwania utraconej zawarto\u015bci strony.<\/p>\r\n\r\n\r\n\r\n<div class=\"wp-block-cover has-background-dim\" style=\"background-image:url(https:\/\/www.fundacjapromocjisztuk.org.pl\/wp-content\/uploads\/2020\/04\/03_31_23.png)\"><div class=\"wp-block-cover__inner-container is-layout-flow wp-block-cover-is-layout-flow\">\r\n<p class=\"has-text-align-right has-large-font-size\">WCZESNA TW\u00d3RCZO\u015a\u0106<\/p>\r\n<\/div><\/div>\r\n\r\n\r\n\r\n<p class=\"has-text-align-center\"><a href=\"https:\/\/www.fundacjapromocjisztuk.org.pl\/?page_id=453\" target=\"_blank\" rel=\"noreferrer noopener\">Zobacz galeri\u0119.<\/a><\/p>\r\n\r\n\r\n\r\n<div class=\"wp-block-cover has-background-dim\" style=\"background-image:url(https:\/\/www.fundacjapromocjisztuk.org.pl\/wp-content\/uploads\/2020\/04\/P1030067.png)\"><div class=\"wp-block-cover__inner-container is-layout-flow wp-block-cover-is-layout-flow\">\r\n<p class=\"has-text-align-right has-large-font-size\">RZE\u0179BY KAMERALNE<\/p>\r\n<\/div><\/div>\r\n\r\n\r\n\r\n<p class=\"has-text-align-center\"><a href=\"https:\/\/www.fundacjapromocjisztuk.org.pl\/?page_id=449\" target=\"_blank\" rel=\"noreferrer noopener\">Zobacz galeri\u0119.<\/a><\/p>\r\n\r\n\r\n\r\n<div class=\"wp-block-cover has-background-dim\" style=\"background-image:url(https:\/\/www.fundacjapromocjisztuk.org.pl\/wp-content\/uploads\/2020\/04\/P1040888-scaled.jpg)\"><div class=\"wp-block-cover__inner-container is-layout-flow wp-block-cover-is-layout-flow\">\r\n<p class=\"has-text-align-right has-large-font-size\">P\u0141ASKORZE\u0179BY<\/p>\r\n<\/div><\/div>\r\n\r\n\r\n\r\n<p><\/p>\r\n\r\n\r\n\r\n<div class=\"wp-block-media-text alignwide is-stacked-on-mobile\"><figure class=\"wp-block-media-text__media\"><img loading=\"lazy\" decoding=\"async\" width=\"746\" height=\"1024\" src=\"https:\/\/www.fundacjapromocjisztuk.org.pl\/wp-content\/uploads\/2020\/04\/04_ARKA-NOEGO-746x1024.jpg\" alt=\"\" class=\"wp-image-184\" srcset=\"https:\/\/www.fundacjapromocjisztuk.org.pl\/wp-content\/uploads\/2020\/04\/04_ARKA-NOEGO-746x1024.jpg 746w, https:\/\/www.fundacjapromocjisztuk.org.pl\/wp-content\/uploads\/2020\/04\/04_ARKA-NOEGO-219x300.jpg 219w, https:\/\/www.fundacjapromocjisztuk.org.pl\/wp-content\/uploads\/2020\/04\/04_ARKA-NOEGO-768x1054.jpg 768w, https:\/\/www.fundacjapromocjisztuk.org.pl\/wp-content\/uploads\/2020\/04\/04_ARKA-NOEGO-1120x1536.jpg 1120w, https:\/\/www.fundacjapromocjisztuk.org.pl\/wp-content\/uploads\/2020\/04\/04_ARKA-NOEGO-1493x2048.jpg 1493w, https:\/\/www.fundacjapromocjisztuk.org.pl\/wp-content\/uploads\/2020\/04\/04_ARKA-NOEGO-scaled.jpg 1866w\" sizes=\"auto, (max-width: 746px) 100vw, 746px\" \/><\/figure><div class=\"wp-block-media-text__content\">\r\n<p class=\"has-large-font-size\">Wrota do przesz\u0142o\u015bci.<\/p>\r\n\r\n\r\n\r\n<p class=\"has-small-font-size\"><a href=\"https:\/\/www.fundacjapromocjisztuk.org.pl\/?page_id=415\" target=\"_blank\" rel=\"noreferrer noopener\">Zobacz.<\/a><\/p>\r\n<\/div><\/div>\r\n\r\n\r\n\r\n<p><\/p>\r\n\r\n\r\n\r\n<div class=\"wp-block-media-text alignwide is-stacked-on-mobile\"><figure class=\"wp-block-media-text__media\"><img loading=\"lazy\" decoding=\"async\" width=\"711\" height=\"1024\" src=\"https:\/\/www.fundacjapromocjisztuk.org.pl\/wp-content\/uploads\/2020\/04\/13_OBNAzENIE-711x1024.jpg\" alt=\"\" class=\"wp-image-188\" srcset=\"https:\/\/www.fundacjapromocjisztuk.org.pl\/wp-content\/uploads\/2020\/04\/13_OBNAzENIE-711x1024.jpg 711w, https:\/\/www.fundacjapromocjisztuk.org.pl\/wp-content\/uploads\/2020\/04\/13_OBNAzENIE-208x300.jpg 208w, https:\/\/www.fundacjapromocjisztuk.org.pl\/wp-content\/uploads\/2020\/04\/13_OBNAzENIE-768x1107.jpg 768w, https:\/\/www.fundacjapromocjisztuk.org.pl\/wp-content\/uploads\/2020\/04\/13_OBNAzENIE-1066x1536.jpg 1066w, https:\/\/www.fundacjapromocjisztuk.org.pl\/wp-content\/uploads\/2020\/04\/13_OBNAzENIE-1421x2048.jpg 1421w, https:\/\/www.fundacjapromocjisztuk.org.pl\/wp-content\/uploads\/2020\/04\/13_OBNAzENIE-scaled.jpg 1777w\" sizes=\"auto, (max-width: 711px) 100vw, 711px\" \/><\/figure><div class=\"wp-block-media-text__content\">\r\n<p class=\"has-large-font-size\">Droga krzy\u017cowa. <\/p>\r\n\r\n\r\n\r\n<p class=\"has-small-font-size\"><a href=\"https:\/\/www.fundacjapromocjisztuk.org.pl\/?page_id=401\" target=\"_blank\" rel=\"noreferrer noopener\">Zobacz<\/a><\/p>\r\n<\/div><\/div>\r\n\r\n\r\n\r\n<p><\/p>\r\n\r\n\r\n\r\n<div class=\"wp-block-media-text alignwide is-stacked-on-mobile\"><figure class=\"wp-block-media-text__media\"><img loading=\"lazy\" decoding=\"async\" width=\"711\" height=\"1024\" src=\"https:\/\/www.fundacjapromocjisztuk.org.pl\/wp-content\/uploads\/2020\/04\/09_IMG_2057-711x1024.jpg\" alt=\"\" class=\"wp-image-189\" srcset=\"https:\/\/www.fundacjapromocjisztuk.org.pl\/wp-content\/uploads\/2020\/04\/09_IMG_2057-711x1024.jpg 711w, https:\/\/www.fundacjapromocjisztuk.org.pl\/wp-content\/uploads\/2020\/04\/09_IMG_2057-208x300.jpg 208w, https:\/\/www.fundacjapromocjisztuk.org.pl\/wp-content\/uploads\/2020\/04\/09_IMG_2057-768x1106.jpg 768w, https:\/\/www.fundacjapromocjisztuk.org.pl\/wp-content\/uploads\/2020\/04\/09_IMG_2057-1066x1536.jpg 1066w, https:\/\/www.fundacjapromocjisztuk.org.pl\/wp-content\/uploads\/2020\/04\/09_IMG_2057-1422x2048.jpg 1422w, https:\/\/www.fundacjapromocjisztuk.org.pl\/wp-content\/uploads\/2020\/04\/09_IMG_2057-scaled.jpg 1777w\" sizes=\"auto, (max-width: 711px) 100vw, 711px\" \/><\/figure><div class=\"wp-block-media-text__content\">\r\n<p class=\"has-large-font-size\">Ave Maria.<\/p>\r\n\r\n\r\n\r\n<p class=\"has-small-font-size\"><a href=\"https:\/\/www.fundacjapromocjisztuk.org.pl\/?page_id=417\" target=\"_blank\" rel=\"noreferrer noopener\">Zobacz.<\/a><\/p>\r\n<\/div><\/div>\r\n\r\n\r\n\r\n<p><\/p>\r\n\r\n\r\n\r\n<div class=\"wp-block-media-text alignwide is-stacked-on-mobile\"><figure class=\"wp-block-media-text__media\"><img loading=\"lazy\" decoding=\"async\" width=\"702\" height=\"1024\" src=\"https:\/\/www.fundacjapromocjisztuk.org.pl\/wp-content\/uploads\/2020\/04\/12_IMG_2117-702x1024.jpg\" alt=\"\" class=\"wp-image-190\" srcset=\"https:\/\/www.fundacjapromocjisztuk.org.pl\/wp-content\/uploads\/2020\/04\/12_IMG_2117-702x1024.jpg 702w, https:\/\/www.fundacjapromocjisztuk.org.pl\/wp-content\/uploads\/2020\/04\/12_IMG_2117-206x300.jpg 206w, https:\/\/www.fundacjapromocjisztuk.org.pl\/wp-content\/uploads\/2020\/04\/12_IMG_2117-768x1120.jpg 768w, https:\/\/www.fundacjapromocjisztuk.org.pl\/wp-content\/uploads\/2020\/04\/12_IMG_2117-1053x1536.jpg 1053w, https:\/\/www.fundacjapromocjisztuk.org.pl\/wp-content\/uploads\/2020\/04\/12_IMG_2117-1404x2048.jpg 1404w, https:\/\/www.fundacjapromocjisztuk.org.pl\/wp-content\/uploads\/2020\/04\/12_IMG_2117.jpg 1608w\" sizes=\"auto, (max-width: 702px) 100vw, 702px\" \/><\/figure><div class=\"wp-block-media-text__content\">\r\n<p class=\"has-large-font-size\">Caritas.<\/p>\r\n\r\n\r\n\r\n<p class=\"has-small-font-size\"><a href=\"https:\/\/www.fundacjapromocjisztuk.org.pl\/?page_id=419\" target=\"_blank\" rel=\"noreferrer noopener\">Zobacz.<\/a><\/p>\r\n<\/div><\/div>\r\n\r\n\r\n\r\n<p><\/p>\r\n\r\n\r\n\r\n<div class=\"wp-block-cover has-background-dim\" style=\"background-image:url(https:\/\/www.fundacjapromocjisztuk.org.pl\/wp-content\/uploads\/2020\/04\/IMG_4533-scaled.jpg)\"><div class=\"wp-block-cover__inner-container is-layout-flow wp-block-cover-is-layout-flow\">\r\n<p class=\"has-text-align-right has-large-font-size\">POMNIKI<\/p>\r\n<\/div><\/div>\r\n\r\n\r\n\r\n<p><\/p>\r\n\r\n\r\n\r\n<div class=\"wp-block-cover has-background-dim\" style=\"background-image:url(https:\/\/www.fundacjapromocjisztuk.org.pl\/wp-content\/uploads\/2020\/04\/P1020414-scaled.jpg)\"><div class=\"wp-block-cover__inner-container is-layout-flow wp-block-cover-is-layout-flow\">\r\n<p class=\"has-text-align-right has-large-font-size\">WYSTAWY<\/p>\r\n<\/div><\/div>\r\n\r\n\r\n\r\n<p>Od 2000 roku towarzyszymy Profesorowi Gustawowi Zemle organizuj\u0105c wystawy.<br>Pierwszym naszym wsp\u00f3lnym przedsi\u0119wzi\u0119ciem by\u0142o pokazanie na wystawie &#8222;Wielki Tydzie\u0144&#8221; w Muzeum Literatury w Warszawie cyklu p\u0142askorze\u017ab &#8211; &#8222;Droga krzy\u017cowa&#8221;.<\/p>\r\n\r\n\r\n\r\n<p>O nast\u0119pnych etapach wsp\u00f3\u0142pracy &#8211; ju\u017c wkr\u00f3tce.<\/p>\r\nvascript&#8217;><\/script>","protected":false},"excerpt":{"rendered":"<p>Jeste\u015bmy w trakcie odzyskiwania utraconej zawarto\u015bci strony. Zobacz galeri\u0119. Zobacz galeri\u0119. Wrota do przesz\u0142o\u015bci. Zobacz. Droga krzy\u017cowa. Zobacz Ave Maria. Zobacz. Caritas. Zobacz. Od 2000 roku towarzyszymy Profesorowi Gustawowi Zemle organizuj\u0105c wystawy.Pierwszym naszym wsp\u00f3lnym przedsi\u0119wzi\u0119ciem by\u0142o pokazanie na wystawie &#8222;Wielki &hellip; <a href=\"https:\/\/www.fundacjapromocjisztuk.org.pl\/?page_id=48\">Czytaj dalej <span class=\"meta-nav\">&rarr;<\/span><\/a><\/p>\n","protected":false},"author":1,"featured_media":0,"parent":31,"menu_order":3,"comment_status":"closed","ping_status":"closed","template":"","meta":{"footnotes":""},"class_list":["post-48","page","type-page","status-publish","hentry"],"_links":{"self":[{"href":"https:\/\/www.fundacjapromocjisztuk.org.pl\/index.php?rest_route=\/wp\/v2\/pages\/48","targetHints":{"allow":["GET"]}}],"collection":[{"href":"https:\/\/www.fundacjapromocjisztuk.org.pl\/index.php?rest_route=\/wp\/v2\/pages"}],"about":[{"href":"https:\/\/www.fundacjapromocjisztuk.org.pl\/index.php?rest_route=\/wp\/v2\/types\/page"}],"author":[{"embeddable":true,"href":"https:\/\/www.fundacjapromocjisztuk.org.pl\/index.php?rest_route=\/wp\/v2\/users\/1"}],"replies":[{"embeddable":true,"href":"https:\/\/www.fundacjapromocjisztuk.org.pl\/index.php?rest_route=%2Fwp%2Fv2%2Fcomments&post=48"}],"version-history":[{"count":29,"href":"https:\/\/www.fundacjapromocjisztuk.org.pl\/index.php?rest_route=\/wp\/v2\/pages\/48\/revisions"}],"predecessor-version":[{"id":1499,"href":"https:\/\/www.fundacjapromocjisztuk.org.pl\/index.php?rest_route=\/wp\/v2\/pages\/48\/revisions\/1499"}],"up":[{"embeddable":true,"href":"https:\/\/www.fundacjapromocjisztuk.org.pl\/index.php?rest_route=\/wp\/v2\/pages\/31"}],"wp:attachment":[{"href":"https:\/\/www.fundacjapromocjisztuk.org.pl\/index.php?rest_route=%2Fwp%2Fv2%2Fmedia&parent=48"}],"curies":[{"name":"wp","href":"https:\/\/api.w.org\/{rel}","templated":true}]}}