{"id":453,"date":"2020-04-05T17:43:27","date_gmt":"2020-04-05T17:43:27","guid":{"rendered":"https:\/\/www.fundacjapromocjisztuk.org.pl\/?page_id=453"},"modified":"2024-08-18T21:56:29","modified_gmt":"2024-08-18T21:56:29","slug":"wczesna-tworczosc","status":"publish","type":"page","link":"https:\/\/www.fundacjapromocjisztuk.org.pl\/?page_id=453","title":{"rendered":"Wczesna tw\u00f3rczo\u015b\u0107."},"content":{"rendered":"\n<figure class=\"wp-block-gallery columns-4 is-cropped wp-block-gallery-1 is-layout-flex wp-block-gallery-is-layout-flex\"><ul class=\"blocks-gallery-grid\"><li class=\"blocks-gallery-item\"><figure><a href=\"https:\/\/www.fundacjapromocjisztuk.org.pl\/wp-content\/uploads\/2020\/04\/03_31_32.png\"><img loading=\"lazy\" decoding=\"async\" width=\"300\" height=\"230\" src=\"https:\/\/www.fundacjapromocjisztuk.org.pl\/wp-content\/uploads\/2020\/04\/03_31_32-300x230.png\" alt=\"\" data-id=\"225\" data-full-url=\"https:\/\/www.fundacjapromocjisztuk.org.pl\/wp-content\/uploads\/2020\/04\/03_31_32.png\" data-link=\"https:\/\/www.fundacjapromocjisztuk.org.pl\/?attachment_id=225\" class=\"wp-image-225\" srcset=\"https:\/\/www.fundacjapromocjisztuk.org.pl\/wp-content\/uploads\/2020\/04\/03_31_32-300x230.png 300w, https:\/\/www.fundacjapromocjisztuk.org.pl\/wp-content\/uploads\/2020\/04\/03_31_32-768x588.png 768w, https:\/\/www.fundacjapromocjisztuk.org.pl\/wp-content\/uploads\/2020\/04\/03_31_32.png 1000w\" sizes=\"auto, (max-width: 300px) 100vw, 300px\" \/><\/a><\/figure><\/li><li class=\"blocks-gallery-item\"><figure><a href=\"https:\/\/www.fundacjapromocjisztuk.org.pl\/wp-content\/uploads\/2020\/04\/03_31_31.png\"><img loading=\"lazy\" decoding=\"async\" width=\"300\" height=\"240\" src=\"https:\/\/www.fundacjapromocjisztuk.org.pl\/wp-content\/uploads\/2020\/04\/03_31_31-300x240.png\" alt=\"\" data-id=\"224\" data-full-url=\"https:\/\/www.fundacjapromocjisztuk.org.pl\/wp-content\/uploads\/2020\/04\/03_31_31.png\" data-link=\"https:\/\/www.fundacjapromocjisztuk.org.pl\/?attachment_id=224\" class=\"wp-image-224\" srcset=\"https:\/\/www.fundacjapromocjisztuk.org.pl\/wp-content\/uploads\/2020\/04\/03_31_31-300x240.png 300w, https:\/\/www.fundacjapromocjisztuk.org.pl\/wp-content\/uploads\/2020\/04\/03_31_31-768x614.png 768w, https:\/\/www.fundacjapromocjisztuk.org.pl\/wp-content\/uploads\/2020\/04\/03_31_31.png 1000w\" sizes=\"auto, (max-width: 300px) 100vw, 300px\" \/><\/a><\/figure><\/li><li class=\"blocks-gallery-item\"><figure><a href=\"https:\/\/www.fundacjapromocjisztuk.org.pl\/wp-content\/uploads\/2020\/04\/03_31_29.png\"><img loading=\"lazy\" decoding=\"async\" width=\"212\" height=\"300\" src=\"https:\/\/www.fundacjapromocjisztuk.org.pl\/wp-content\/uploads\/2020\/04\/03_31_29-212x300.png\" alt=\"\" data-id=\"223\" data-full-url=\"https:\/\/www.fundacjapromocjisztuk.org.pl\/wp-content\/uploads\/2020\/04\/03_31_29.png\" data-link=\"https:\/\/www.fundacjapromocjisztuk.org.pl\/?attachment_id=223\" class=\"wp-image-223\" srcset=\"https:\/\/www.fundacjapromocjisztuk.org.pl\/wp-content\/uploads\/2020\/04\/03_31_29-212x300.png 212w, https:\/\/www.fundacjapromocjisztuk.org.pl\/wp-content\/uploads\/2020\/04\/03_31_29-724x1024.png 724w, https:\/\/www.fundacjapromocjisztuk.org.pl\/wp-content\/uploads\/2020\/04\/03_31_29-768x1086.png 768w, https:\/\/www.fundacjapromocjisztuk.org.pl\/wp-content\/uploads\/2020\/04\/03_31_29.png 1000w\" sizes=\"auto, (max-width: 212px) 100vw, 212px\" \/><\/a><\/figure><\/li><li class=\"blocks-gallery-item\"><figure><a href=\"https:\/\/www.fundacjapromocjisztuk.org.pl\/wp-content\/uploads\/2020\/04\/03_31_27.png\"><img loading=\"lazy\" decoding=\"async\" width=\"178\" height=\"300\" src=\"https:\/\/www.fundacjapromocjisztuk.org.pl\/wp-content\/uploads\/2020\/04\/03_31_27-178x300.png\" alt=\"\" data-id=\"221\" data-full-url=\"https:\/\/www.fundacjapromocjisztuk.org.pl\/wp-content\/uploads\/2020\/04\/03_31_27.png\" data-link=\"https:\/\/www.fundacjapromocjisztuk.org.pl\/?attachment_id=221\" class=\"wp-image-221\" srcset=\"https:\/\/www.fundacjapromocjisztuk.org.pl\/wp-content\/uploads\/2020\/04\/03_31_27-178x300.png 178w, https:\/\/www.fundacjapromocjisztuk.org.pl\/wp-content\/uploads\/2020\/04\/03_31_27-607x1024.png 607w, https:\/\/www.fundacjapromocjisztuk.org.pl\/wp-content\/uploads\/2020\/04\/03_31_27-768x1296.png 768w, https:\/\/www.fundacjapromocjisztuk.org.pl\/wp-content\/uploads\/2020\/04\/03_31_27-910x1536.png 910w, https:\/\/www.fundacjapromocjisztuk.org.pl\/wp-content\/uploads\/2020\/04\/03_31_27.png 1000w\" sizes=\"auto, (max-width: 178px) 100vw, 178px\" \/><\/a><\/figure><\/li><li class=\"blocks-gallery-item\"><figure><a href=\"https:\/\/www.fundacjapromocjisztuk.org.pl\/wp-content\/uploads\/2020\/04\/03_31_26.png\"><img loading=\"lazy\" decoding=\"async\" width=\"207\" height=\"300\" src=\"https:\/\/www.fundacjapromocjisztuk.org.pl\/wp-content\/uploads\/2020\/04\/03_31_26-207x300.png\" alt=\"\" data-id=\"220\" data-full-url=\"https:\/\/www.fundacjapromocjisztuk.org.pl\/wp-content\/uploads\/2020\/04\/03_31_26.png\" data-link=\"https:\/\/www.fundacjapromocjisztuk.org.pl\/?attachment_id=220\" class=\"wp-image-220\" srcset=\"https:\/\/www.fundacjapromocjisztuk.org.pl\/wp-content\/uploads\/2020\/04\/03_31_26-207x300.png 207w, https:\/\/www.fundacjapromocjisztuk.org.pl\/wp-content\/uploads\/2020\/04\/03_31_26-708x1024.png 708w, https:\/\/www.fundacjapromocjisztuk.org.pl\/wp-content\/uploads\/2020\/04\/03_31_26-768x1111.png 768w, https:\/\/www.fundacjapromocjisztuk.org.pl\/wp-content\/uploads\/2020\/04\/03_31_26.png 1000w\" sizes=\"auto, (max-width: 207px) 100vw, 207px\" \/><\/a><\/figure><\/li><li class=\"blocks-gallery-item\"><figure><a href=\"https:\/\/www.fundacjapromocjisztuk.org.pl\/wp-content\/uploads\/2020\/04\/03_31_25.png\"><img loading=\"lazy\" decoding=\"async\" width=\"212\" height=\"300\" src=\"https:\/\/www.fundacjapromocjisztuk.org.pl\/wp-content\/uploads\/2020\/04\/03_31_25-212x300.png\" alt=\"\" data-id=\"219\" data-full-url=\"https:\/\/www.fundacjapromocjisztuk.org.pl\/wp-content\/uploads\/2020\/04\/03_31_25.png\" data-link=\"https:\/\/www.fundacjapromocjisztuk.org.pl\/?attachment_id=219\" class=\"wp-image-219\" srcset=\"https:\/\/www.fundacjapromocjisztuk.org.pl\/wp-content\/uploads\/2020\/04\/03_31_25-212x300.png 212w, https:\/\/www.fundacjapromocjisztuk.org.pl\/wp-content\/uploads\/2020\/04\/03_31_25-725x1024.png 725w, https:\/\/www.fundacjapromocjisztuk.org.pl\/wp-content\/uploads\/2020\/04\/03_31_25-768x1084.png 768w, https:\/\/www.fundacjapromocjisztuk.org.pl\/wp-content\/uploads\/2020\/04\/03_31_25.png 1000w\" sizes=\"auto, (max-width: 212px) 100vw, 212px\" \/><\/a><\/figure><\/li><li class=\"blocks-gallery-item\"><figure><a href=\"https:\/\/www.fundacjapromocjisztuk.org.pl\/wp-content\/uploads\/2020\/04\/03_31_23-1.png\"><img loading=\"lazy\" decoding=\"async\" width=\"273\" height=\"300\" src=\"https:\/\/www.fundacjapromocjisztuk.org.pl\/wp-content\/uploads\/2020\/04\/03_31_23-1-273x300.png\" alt=\"\" data-id=\"218\" data-full-url=\"https:\/\/www.fundacjapromocjisztuk.org.pl\/wp-content\/uploads\/2020\/04\/03_31_23-1.png\" data-link=\"https:\/\/www.fundacjapromocjisztuk.org.pl\/?attachment_id=218\" class=\"wp-image-218\" srcset=\"https:\/\/www.fundacjapromocjisztuk.org.pl\/wp-content\/uploads\/2020\/04\/03_31_23-1-273x300.png 273w, https:\/\/www.fundacjapromocjisztuk.org.pl\/wp-content\/uploads\/2020\/04\/03_31_23-1-932x1024.png 932w, https:\/\/www.fundacjapromocjisztuk.org.pl\/wp-content\/uploads\/2020\/04\/03_31_23-1-768x844.png 768w, https:\/\/www.fundacjapromocjisztuk.org.pl\/wp-content\/uploads\/2020\/04\/03_31_23-1.png 1000w\" sizes=\"auto, (max-width: 273px) 100vw, 273px\" \/><\/a><\/figure><\/li><li class=\"blocks-gallery-item\"><figure><a href=\"https:\/\/www.fundacjapromocjisztuk.org.pl\/wp-content\/uploads\/2020\/04\/03_31_22.png\"><img loading=\"lazy\" decoding=\"async\" width=\"207\" height=\"300\" src=\"https:\/\/www.fundacjapromocjisztuk.org.pl\/wp-content\/uploads\/2020\/04\/03_31_22-207x300.png\" alt=\"\" data-id=\"217\" data-full-url=\"https:\/\/www.fundacjapromocjisztuk.org.pl\/wp-content\/uploads\/2020\/04\/03_31_22.png\" data-link=\"https:\/\/www.fundacjapromocjisztuk.org.pl\/?attachment_id=217\" class=\"wp-image-217\" srcset=\"https:\/\/www.fundacjapromocjisztuk.org.pl\/wp-content\/uploads\/2020\/04\/03_31_22-207x300.png 207w, https:\/\/www.fundacjapromocjisztuk.org.pl\/wp-content\/uploads\/2020\/04\/03_31_22-706x1024.png 706w, https:\/\/www.fundacjapromocjisztuk.org.pl\/wp-content\/uploads\/2020\/04\/03_31_22-768x1114.png 768w, https:\/\/www.fundacjapromocjisztuk.org.pl\/wp-content\/uploads\/2020\/04\/03_31_22.png 1000w\" sizes=\"auto, (max-width: 207px) 100vw, 207px\" \/><\/a><\/figure><\/li><li class=\"blocks-gallery-item\"><figure><a href=\"https:\/\/www.fundacjapromocjisztuk.org.pl\/wp-content\/uploads\/2020\/04\/03_31_21.png\"><img loading=\"lazy\" decoding=\"async\" width=\"201\" height=\"300\" src=\"https:\/\/www.fundacjapromocjisztuk.org.pl\/wp-content\/uploads\/2020\/04\/03_31_21-201x300.png\" alt=\"\" data-id=\"216\" data-full-url=\"https:\/\/www.fundacjapromocjisztuk.org.pl\/wp-content\/uploads\/2020\/04\/03_31_21.png\" data-link=\"https:\/\/www.fundacjapromocjisztuk.org.pl\/?attachment_id=216\" class=\"wp-image-216\" srcset=\"https:\/\/www.fundacjapromocjisztuk.org.pl\/wp-content\/uploads\/2020\/04\/03_31_21-201x300.png 201w, https:\/\/www.fundacjapromocjisztuk.org.pl\/wp-content\/uploads\/2020\/04\/03_31_21-685x1024.png 685w, https:\/\/www.fundacjapromocjisztuk.org.pl\/wp-content\/uploads\/2020\/04\/03_31_21-768x1147.png 768w, https:\/\/www.fundacjapromocjisztuk.org.pl\/wp-content\/uploads\/2020\/04\/03_31_21.png 1000w\" sizes=\"auto, (max-width: 201px) 100vw, 201px\" \/><\/a><\/figure><\/li><li class=\"blocks-gallery-item\"><figure><a href=\"https:\/\/www.fundacjapromocjisztuk.org.pl\/wp-content\/uploads\/2020\/04\/03_31_20.png\"><img loading=\"lazy\" decoding=\"async\" width=\"195\" height=\"300\" src=\"https:\/\/www.fundacjapromocjisztuk.org.pl\/wp-content\/uploads\/2020\/04\/03_31_20-195x300.png\" alt=\"\" data-id=\"215\" data-full-url=\"https:\/\/www.fundacjapromocjisztuk.org.pl\/wp-content\/uploads\/2020\/04\/03_31_20.png\" data-link=\"https:\/\/www.fundacjapromocjisztuk.org.pl\/?attachment_id=215\" class=\"wp-image-215\" srcset=\"https:\/\/www.fundacjapromocjisztuk.org.pl\/wp-content\/uploads\/2020\/04\/03_31_20-195x300.png 195w, https:\/\/www.fundacjapromocjisztuk.org.pl\/wp-content\/uploads\/2020\/04\/03_31_20-665x1024.png 665w, https:\/\/www.fundacjapromocjisztuk.org.pl\/wp-content\/uploads\/2020\/04\/03_31_20-768x1183.png 768w, https:\/\/www.fundacjapromocjisztuk.org.pl\/wp-content\/uploads\/2020\/04\/03_31_20-997x1536.png 997w, https:\/\/www.fundacjapromocjisztuk.org.pl\/wp-content\/uploads\/2020\/04\/03_31_20.png 1000w\" sizes=\"auto, (max-width: 195px) 100vw, 195px\" \/><\/a><\/figure><\/li><li class=\"blocks-gallery-item\"><figure><a href=\"https:\/\/www.fundacjapromocjisztuk.org.pl\/wp-content\/uploads\/2020\/04\/03_31_19.png\"><img loading=\"lazy\" decoding=\"async\" width=\"212\" height=\"300\" src=\"https:\/\/www.fundacjapromocjisztuk.org.pl\/wp-content\/uploads\/2020\/04\/03_31_19-212x300.png\" alt=\"\" data-id=\"214\" data-full-url=\"https:\/\/www.fundacjapromocjisztuk.org.pl\/wp-content\/uploads\/2020\/04\/03_31_19.png\" data-link=\"https:\/\/www.fundacjapromocjisztuk.org.pl\/?attachment_id=214\" class=\"wp-image-214\" srcset=\"https:\/\/www.fundacjapromocjisztuk.org.pl\/wp-content\/uploads\/2020\/04\/03_31_19-212x300.png 212w, https:\/\/www.fundacjapromocjisztuk.org.pl\/wp-content\/uploads\/2020\/04\/03_31_19-723x1024.png 723w, https:\/\/www.fundacjapromocjisztuk.org.pl\/wp-content\/uploads\/2020\/04\/03_31_19-768x1087.png 768w, https:\/\/www.fundacjapromocjisztuk.org.pl\/wp-content\/uploads\/2020\/04\/03_31_19.png 1000w\" sizes=\"auto, (max-width: 212px) 100vw, 212px\" \/><\/a><\/figure><\/li><li class=\"blocks-gallery-item\"><figure><a href=\"https:\/\/www.fundacjapromocjisztuk.org.pl\/wp-content\/uploads\/2020\/04\/03_31_16.png\"><img loading=\"lazy\" decoding=\"async\" width=\"300\" height=\"230\" src=\"https:\/\/www.fundacjapromocjisztuk.org.pl\/wp-content\/uploads\/2020\/04\/03_31_16-300x230.png\" alt=\"\" data-id=\"213\" data-full-url=\"https:\/\/www.fundacjapromocjisztuk.org.pl\/wp-content\/uploads\/2020\/04\/03_31_16.png\" data-link=\"https:\/\/www.fundacjapromocjisztuk.org.pl\/?attachment_id=213\" class=\"wp-image-213\" srcset=\"https:\/\/www.fundacjapromocjisztuk.org.pl\/wp-content\/uploads\/2020\/04\/03_31_16-300x230.png 300w, https:\/\/www.fundacjapromocjisztuk.org.pl\/wp-content\/uploads\/2020\/04\/03_31_16-768x588.png 768w, https:\/\/www.fundacjapromocjisztuk.org.pl\/wp-content\/uploads\/2020\/04\/03_31_16.png 1000w\" sizes=\"auto, (max-width: 300px) 100vw, 300px\" \/><\/a><\/figure><\/li><li class=\"blocks-gallery-item\"><figure><a href=\"https:\/\/www.fundacjapromocjisztuk.org.pl\/wp-content\/uploads\/2020\/04\/03_31_14.png\"><img loading=\"lazy\" decoding=\"async\" width=\"221\" height=\"300\" src=\"https:\/\/www.fundacjapromocjisztuk.org.pl\/wp-content\/uploads\/2020\/04\/03_31_14-221x300.png\" alt=\"\" data-id=\"212\" data-full-url=\"https:\/\/www.fundacjapromocjisztuk.org.pl\/wp-content\/uploads\/2020\/04\/03_31_14.png\" data-link=\"https:\/\/www.fundacjapromocjisztuk.org.pl\/?attachment_id=212\" class=\"wp-image-212\" srcset=\"https:\/\/www.fundacjapromocjisztuk.org.pl\/wp-content\/uploads\/2020\/04\/03_31_14-221x300.png 221w, https:\/\/www.fundacjapromocjisztuk.org.pl\/wp-content\/uploads\/2020\/04\/03_31_14-753x1024.png 753w, https:\/\/www.fundacjapromocjisztuk.org.pl\/wp-content\/uploads\/2020\/04\/03_31_14-768x1044.png 768w, https:\/\/www.fundacjapromocjisztuk.org.pl\/wp-content\/uploads\/2020\/04\/03_31_14.png 1000w\" sizes=\"auto, (max-width: 221px) 100vw, 221px\" \/><\/a><\/figure><\/li><li class=\"blocks-gallery-item\"><figure><a href=\"https:\/\/www.fundacjapromocjisztuk.org.pl\/wp-content\/uploads\/2020\/04\/03_31_12.png\"><img loading=\"lazy\" decoding=\"async\" width=\"231\" height=\"300\" src=\"https:\/\/www.fundacjapromocjisztuk.org.pl\/wp-content\/uploads\/2020\/04\/03_31_12-231x300.png\" alt=\"\" data-id=\"211\" data-full-url=\"https:\/\/www.fundacjapromocjisztuk.org.pl\/wp-content\/uploads\/2020\/04\/03_31_12.png\" data-link=\"https:\/\/www.fundacjapromocjisztuk.org.pl\/?attachment_id=211\" class=\"wp-image-211\" srcset=\"https:\/\/www.fundacjapromocjisztuk.org.pl\/wp-content\/uploads\/2020\/04\/03_31_12-231x300.png 231w, https:\/\/www.fundacjapromocjisztuk.org.pl\/wp-content\/uploads\/2020\/04\/03_31_12-790x1024.png 790w, https:\/\/www.fundacjapromocjisztuk.org.pl\/wp-content\/uploads\/2020\/04\/03_31_12-768x996.png 768w, https:\/\/www.fundacjapromocjisztuk.org.pl\/wp-content\/uploads\/2020\/04\/03_31_12.png 1000w\" sizes=\"auto, (max-width: 231px) 100vw, 231px\" \/><\/a><\/figure><\/li><li class=\"blocks-gallery-item\"><figure><a href=\"https:\/\/www.fundacjapromocjisztuk.org.pl\/wp-content\/uploads\/2020\/04\/03_31_11.png\"><img loading=\"lazy\" decoding=\"async\" width=\"228\" height=\"300\" src=\"https:\/\/www.fundacjapromocjisztuk.org.pl\/wp-content\/uploads\/2020\/04\/03_31_11-228x300.png\" alt=\"\" data-id=\"210\" data-full-url=\"https:\/\/www.fundacjapromocjisztuk.org.pl\/wp-content\/uploads\/2020\/04\/03_31_11.png\" data-link=\"https:\/\/www.fundacjapromocjisztuk.org.pl\/?attachment_id=210\" class=\"wp-image-210\" srcset=\"https:\/\/www.fundacjapromocjisztuk.org.pl\/wp-content\/uploads\/2020\/04\/03_31_11-228x300.png 228w, https:\/\/www.fundacjapromocjisztuk.org.pl\/wp-content\/uploads\/2020\/04\/03_31_11-778x1024.png 778w, https:\/\/www.fundacjapromocjisztuk.org.pl\/wp-content\/uploads\/2020\/04\/03_31_11-768x1011.png 768w, https:\/\/www.fundacjapromocjisztuk.org.pl\/wp-content\/uploads\/2020\/04\/03_31_11.png 1000w\" sizes=\"auto, (max-width: 228px) 100vw, 228px\" \/><\/a><\/figure><\/li><li class=\"blocks-gallery-item\"><figure><a href=\"https:\/\/www.fundacjapromocjisztuk.org.pl\/wp-content\/uploads\/2020\/04\/03_31_10.png\"><img loading=\"lazy\" decoding=\"async\" width=\"240\" height=\"300\" src=\"https:\/\/www.fundacjapromocjisztuk.org.pl\/wp-content\/uploads\/2020\/04\/03_31_10-240x300.png\" alt=\"\" data-id=\"209\" data-full-url=\"https:\/\/www.fundacjapromocjisztuk.org.pl\/wp-content\/uploads\/2020\/04\/03_31_10.png\" data-link=\"https:\/\/www.fundacjapromocjisztuk.org.pl\/?attachment_id=209\" class=\"wp-image-209\" srcset=\"https:\/\/www.fundacjapromocjisztuk.org.pl\/wp-content\/uploads\/2020\/04\/03_31_10-240x300.png 240w, https:\/\/www.fundacjapromocjisztuk.org.pl\/wp-content\/uploads\/2020\/04\/03_31_10-820x1024.png 820w, https:\/\/www.fundacjapromocjisztuk.org.pl\/wp-content\/uploads\/2020\/04\/03_31_10-768x959.png 768w, https:\/\/www.fundacjapromocjisztuk.org.pl\/wp-content\/uploads\/2020\/04\/03_31_10.png 1000w\" sizes=\"auto, (max-width: 240px) 100vw, 240px\" \/><\/a><\/figure><\/li><li class=\"blocks-gallery-item\"><figure><a href=\"https:\/\/www.fundacjapromocjisztuk.org.pl\/wp-content\/uploads\/2020\/04\/03_31_9.png\"><img loading=\"lazy\" decoding=\"async\" width=\"197\" height=\"300\" src=\"https:\/\/www.fundacjapromocjisztuk.org.pl\/wp-content\/uploads\/2020\/04\/03_31_9-197x300.png\" alt=\"\" data-id=\"208\" data-full-url=\"https:\/\/www.fundacjapromocjisztuk.org.pl\/wp-content\/uploads\/2020\/04\/03_31_9.png\" data-link=\"https:\/\/www.fundacjapromocjisztuk.org.pl\/?attachment_id=208\" class=\"wp-image-208\" srcset=\"https:\/\/www.fundacjapromocjisztuk.org.pl\/wp-content\/uploads\/2020\/04\/03_31_9-197x300.png 197w, https:\/\/www.fundacjapromocjisztuk.org.pl\/wp-content\/uploads\/2020\/04\/03_31_9-672x1024.png 672w, https:\/\/www.fundacjapromocjisztuk.org.pl\/wp-content\/uploads\/2020\/04\/03_31_9-768x1170.png 768w, https:\/\/www.fundacjapromocjisztuk.org.pl\/wp-content\/uploads\/2020\/04\/03_31_9.png 1000w\" sizes=\"auto, (max-width: 197px) 100vw, 197px\" \/><\/a><\/figure><\/li><li class=\"blocks-gallery-item\"><figure><a href=\"https:\/\/www.fundacjapromocjisztuk.org.pl\/wp-content\/uploads\/2020\/04\/03_31_8.png\"><img loading=\"lazy\" decoding=\"async\" width=\"300\" height=\"213\" src=\"https:\/\/www.fundacjapromocjisztuk.org.pl\/wp-content\/uploads\/2020\/04\/03_31_8-300x213.png\" alt=\"\" data-id=\"207\" data-full-url=\"https:\/\/www.fundacjapromocjisztuk.org.pl\/wp-content\/uploads\/2020\/04\/03_31_8.png\" data-link=\"https:\/\/www.fundacjapromocjisztuk.org.pl\/?attachment_id=207\" class=\"wp-image-207\" srcset=\"https:\/\/www.fundacjapromocjisztuk.org.pl\/wp-content\/uploads\/2020\/04\/03_31_8-300x213.png 300w, https:\/\/www.fundacjapromocjisztuk.org.pl\/wp-content\/uploads\/2020\/04\/03_31_8-768x546.png 768w, https:\/\/www.fundacjapromocjisztuk.org.pl\/wp-content\/uploads\/2020\/04\/03_31_8.png 1000w\" sizes=\"auto, (max-width: 300px) 100vw, 300px\" \/><\/a><\/figure><\/li><li class=\"blocks-gallery-item\"><figure><a href=\"https:\/\/www.fundacjapromocjisztuk.org.pl\/wp-content\/uploads\/2020\/04\/03_31_6.png\"><img loading=\"lazy\" decoding=\"async\" width=\"201\" height=\"300\" src=\"https:\/\/www.fundacjapromocjisztuk.org.pl\/wp-content\/uploads\/2020\/04\/03_31_6-201x300.png\" alt=\"\" data-id=\"205\" data-full-url=\"https:\/\/www.fundacjapromocjisztuk.org.pl\/wp-content\/uploads\/2020\/04\/03_31_6.png\" data-link=\"https:\/\/www.fundacjapromocjisztuk.org.pl\/?attachment_id=205\" class=\"wp-image-205\" srcset=\"https:\/\/www.fundacjapromocjisztuk.org.pl\/wp-content\/uploads\/2020\/04\/03_31_6-201x300.png 201w, https:\/\/www.fundacjapromocjisztuk.org.pl\/wp-content\/uploads\/2020\/04\/03_31_6-685x1024.png 685w, https:\/\/www.fundacjapromocjisztuk.org.pl\/wp-content\/uploads\/2020\/04\/03_31_6-768x1148.png 768w, https:\/\/www.fundacjapromocjisztuk.org.pl\/wp-content\/uploads\/2020\/04\/03_31_6.png 1000w\" sizes=\"auto, (max-width: 201px) 100vw, 201px\" \/><\/a><\/figure><\/li><li class=\"blocks-gallery-item\"><figure><a href=\"https:\/\/www.fundacjapromocjisztuk.org.pl\/wp-content\/uploads\/2020\/04\/03_31_4.png\"><img loading=\"lazy\" decoding=\"async\" width=\"213\" height=\"300\" src=\"https:\/\/www.fundacjapromocjisztuk.org.pl\/wp-content\/uploads\/2020\/04\/03_31_4-213x300.png\" alt=\"\" data-id=\"204\" data-full-url=\"https:\/\/www.fundacjapromocjisztuk.org.pl\/wp-content\/uploads\/2020\/04\/03_31_4.png\" data-link=\"https:\/\/www.fundacjapromocjisztuk.org.pl\/?attachment_id=204\" class=\"wp-image-204\" srcset=\"https:\/\/www.fundacjapromocjisztuk.org.pl\/wp-content\/uploads\/2020\/04\/03_31_4-213x300.png 213w, https:\/\/www.fundacjapromocjisztuk.org.pl\/wp-content\/uploads\/2020\/04\/03_31_4-726x1024.png 726w, https:\/\/www.fundacjapromocjisztuk.org.pl\/wp-content\/uploads\/2020\/04\/03_31_4-768x1083.png 768w, https:\/\/www.fundacjapromocjisztuk.org.pl\/wp-content\/uploads\/2020\/04\/03_31_4.png 1000w\" sizes=\"auto, (max-width: 213px) 100vw, 213px\" \/><\/a><\/figure><\/li><li class=\"blocks-gallery-item\"><figure><a href=\"https:\/\/www.fundacjapromocjisztuk.org.pl\/wp-content\/uploads\/2020\/04\/03_31_2.png\"><img loading=\"lazy\" decoding=\"async\" width=\"190\" height=\"300\" src=\"https:\/\/www.fundacjapromocjisztuk.org.pl\/wp-content\/uploads\/2020\/04\/03_31_2-190x300.png\" alt=\"\" data-id=\"203\" data-full-url=\"https:\/\/www.fundacjapromocjisztuk.org.pl\/wp-content\/uploads\/2020\/04\/03_31_2.png\" data-link=\"https:\/\/www.fundacjapromocjisztuk.org.pl\/?attachment_id=203\" class=\"wp-image-203\" srcset=\"https:\/\/www.fundacjapromocjisztuk.org.pl\/wp-content\/uploads\/2020\/04\/03_31_2-190x300.png 190w, https:\/\/www.fundacjapromocjisztuk.org.pl\/wp-content\/uploads\/2020\/04\/03_31_2-648x1024.png 648w, https:\/\/www.fundacjapromocjisztuk.org.pl\/wp-content\/uploads\/2020\/04\/03_31_2-768x1214.png 768w, https:\/\/www.fundacjapromocjisztuk.org.pl\/wp-content\/uploads\/2020\/04\/03_31_2-972x1536.png 972w, https:\/\/www.fundacjapromocjisztuk.org.pl\/wp-content\/uploads\/2020\/04\/03_31_2.png 1000w\" sizes=\"auto, (max-width: 190px) 100vw, 190px\" \/><\/a><\/figure><\/li><li class=\"blocks-gallery-item\"><figure><a href=\"https:\/\/www.fundacjapromocjisztuk.org.pl\/wp-content\/uploads\/2020\/04\/03_31_1.png\"><img loading=\"lazy\" decoding=\"async\" width=\"213\" height=\"300\" src=\"https:\/\/www.fundacjapromocjisztuk.org.pl\/wp-content\/uploads\/2020\/04\/03_31_1-213x300.png\" alt=\"\" data-id=\"202\" data-full-url=\"https:\/\/www.fundacjapromocjisztuk.org.pl\/wp-content\/uploads\/2020\/04\/03_31_1.png\" data-link=\"https:\/\/www.fundacjapromocjisztuk.org.pl\/?attachment_id=202\" class=\"wp-image-202\" srcset=\"https:\/\/www.fundacjapromocjisztuk.org.pl\/wp-content\/uploads\/2020\/04\/03_31_1-213x300.png 213w, https:\/\/www.fundacjapromocjisztuk.org.pl\/wp-content\/uploads\/2020\/04\/03_31_1-727x1024.png 727w, https:\/\/www.fundacjapromocjisztuk.org.pl\/wp-content\/uploads\/2020\/04\/03_31_1-768x1082.png 768w, https:\/\/www.fundacjapromocjisztuk.org.pl\/wp-content\/uploads\/2020\/04\/03_31_1.png 1000w\" sizes=\"auto, (max-width: 213px) 100vw, 213px\" \/><\/a><\/figure><\/li><li class=\"blocks-gallery-item\"><figure><a href=\"https:\/\/www.fundacjapromocjisztuk.org.pl\/wp-content\/uploads\/2020\/04\/03_31_0.png\"><img loading=\"lazy\" decoding=\"async\" width=\"194\" height=\"300\" src=\"https:\/\/www.fundacjapromocjisztuk.org.pl\/wp-content\/uploads\/2020\/04\/03_31_0-194x300.png\" alt=\"\" data-id=\"201\" data-full-url=\"https:\/\/www.fundacjapromocjisztuk.org.pl\/wp-content\/uploads\/2020\/04\/03_31_0.png\" data-link=\"https:\/\/www.fundacjapromocjisztuk.org.pl\/?attachment_id=201\" class=\"wp-image-201\" srcset=\"https:\/\/www.fundacjapromocjisztuk.org.pl\/wp-content\/uploads\/2020\/04\/03_31_0-194x300.png 194w, https:\/\/www.fundacjapromocjisztuk.org.pl\/wp-content\/uploads\/2020\/04\/03_31_0-661x1024.png 661w, https:\/\/www.fundacjapromocjisztuk.org.pl\/wp-content\/uploads\/2020\/04\/03_31_0-768x1189.png 768w, https:\/\/www.fundacjapromocjisztuk.org.pl\/wp-content\/uploads\/2020\/04\/03_31_0-992x1536.png 992w, https:\/\/www.fundacjapromocjisztuk.org.pl\/wp-content\/uploads\/2020\/04\/03_31_0.png 1000w\" sizes=\"auto, (max-width: 194px) 100vw, 194px\" \/><\/a><\/figure><\/li><\/ul><\/figure>\n","protected":false},"excerpt":{"rendered":"","protected":false},"author":1,"featured_media":0,"parent":48,"menu_order":0,"comment_status":"closed","ping_status":"closed","template":"onecolumn-page.php","meta":{"footnotes":""},"class_list":["post-453","page","type-page","status-publish","hentry"],"_links":{"self":[{"href":"https:\/\/www.fundacjapromocjisztuk.org.pl\/index.php?rest_route=\/wp\/v2\/pages\/453","targetHints":{"allow":["GET"]}}],"collection":[{"href":"https:\/\/www.fundacjapromocjisztuk.org.pl\/index.php?rest_route=\/wp\/v2\/pages"}],"about":[{"href":"https:\/\/www.fundacjapromocjisztuk.org.pl\/index.php?rest_route=\/wp\/v2\/types\/page"}],"author":[{"embeddable":true,"href":"https:\/\/www.fundacjapromocjisztuk.org.pl\/index.php?rest_route=\/wp\/v2\/users\/1"}],"replies":[{"embeddable":true,"href":"https:\/\/www.fundacjapromocjisztuk.org.pl\/index.php?rest_route=%2Fwp%2Fv2%2Fcomments&post=453"}],"version-history":[{"count":1,"href":"https:\/\/www.fundacjapromocjisztuk.org.pl\/index.php?rest_route=\/wp\/v2\/pages\/453\/revisions"}],"predecessor-version":[{"id":454,"href":"https:\/\/www.fundacjapromocjisztuk.org.pl\/index.php?rest_route=\/wp\/v2\/pages\/453\/revisions\/454"}],"up":[{"embeddable":true,"href":"https:\/\/www.fundacjapromocjisztuk.org.pl\/index.php?rest_route=\/wp\/v2\/pages\/48"}],"wp:attachment":[{"href":"https:\/\/www.fundacjapromocjisztuk.org.pl\/index.php?rest_route=%2Fwp%2Fv2%2Fmedia&parent=453"}],"curies":[{"name":"wp","href":"https:\/\/api.w.org\/{rel}","templated":true}]}}