{"id":43,"date":"2020-04-01T14:29:06","date_gmt":"2020-04-01T14:29:06","guid":{"rendered":"https:\/\/www.fundacjapromocjisztuk.org.pl\/?page_id=43"},"modified":"2024-08-18T21:56:29","modified_gmt":"2024-08-18T21:56:29","slug":"wojciech-sadley","status":"publish","type":"page","link":"https:\/\/www.fundacjapromocjisztuk.org.pl\/?page_id=43","title":{"rendered":"Wojciech Sadley"},"content":{"rendered":"\n<div class=\"wp-block-cover has-background-dim\" style=\"background-image:url(https:\/\/www.fundacjapromocjisztuk.org.pl\/wp-content\/uploads\/2020\/04\/\u015awi\u0119to-Wiosny-2019_14-scaled.jpg)\"><div class=\"wp-block-cover__inner-container is-layout-flow wp-block-cover-is-layout-flow\">\n<p class=\"has-text-align-right has-large-font-size\">MALARSTWO<\/p>\n<\/div><\/div>\n\n\n\n<p class=\"has-text-align-center has-small-font-size\"><a rel=\"noreferrer noopener\" href=\"https:\/\/www.fundacjapromocjisztuk.org.pl\/?page_id=763\" target=\"_blank\">Zobacz galeri\u0119<\/a>.<\/p>\n\n\n\n<div class=\"wp-block-cover has-background-dim\" style=\"background-image:url(https:\/\/www.fundacjapromocjisztuk.org.pl\/wp-content\/uploads\/2020\/04\/sadley_80-scaled.jpg)\"><div class=\"wp-block-cover__inner-container is-layout-flow wp-block-cover-is-layout-flow\">\n<p class=\"has-text-align-right has-large-font-size\">TKANINY<\/p>\n<\/div><\/div>\n\n\n\n<p class=\"has-text-align-center has-small-font-size\"><a rel=\"noreferrer noopener\" href=\"https:\/\/www.fundacjapromocjisztuk.org.pl\/?page_id=790\" target=\"_blank\">Zobacz galeri\u0119.<\/a><\/p>\n\n\n\n<div class=\"wp-block-cover has-background-dim\" style=\"background-image:url(https:\/\/www.fundacjapromocjisztuk.org.pl\/wp-content\/uploads\/2020\/04\/19_P8030057_PEJZA\u017b_rys-tusz_30x20_1951.jpg)\"><div class=\"wp-block-cover__inner-container is-layout-flow wp-block-cover-is-layout-flow\">\n<p class=\"has-text-align-right has-large-font-size\">GRAFIKA<\/p>\n<\/div><\/div>\n\n\n\n<p class=\"has-text-align-center has-small-font-size\"><a rel=\"noreferrer noopener\" href=\"https:\/\/www.fundacjapromocjisztuk.org.pl\/?page_id=902\" target=\"_blank\">Zobacz galeri\u0119.<\/a><\/p>\n\n\n\n<div class=\"wp-block-cover has-background-dim\" style=\"background-image:url(https:\/\/www.fundacjapromocjisztuk.org.pl\/wp-content\/uploads\/2020\/04\/12_P8030046_WITRA\u017b-projekt_40x30_mal_50..jpg)\"><div class=\"wp-block-cover__inner-container is-layout-flow wp-block-cover-is-layout-flow\">\n<p class=\"has-text-align-right has-large-font-size\">WITRA\u017bE<\/p>\n<\/div><\/div>\n\n\n\n<p class=\"has-text-align-center has-small-font-size\"><a rel=\"noreferrer noopener\" href=\"https:\/\/www.fundacjapromocjisztuk.org.pl\/?page_id=936\" target=\"_blank\">Zobacz galeri\u0119.<\/a><\/p>\n\n\n\n<div class=\"wp-block-cover has-background-dim\" style=\"background-image:url(https:\/\/www.fundacjapromocjisztuk.org.pl\/wp-content\/uploads\/2020\/04\/0_1_SYMBOLICZNE-PTAKI_p\u0142yty-ceram.malowane-wypalne_60.-70.-1.jpeg)\"><div class=\"wp-block-cover__inner-container is-layout-flow wp-block-cover-is-layout-flow\">\n<p class=\"has-text-align-right has-large-font-size\">CERAMIKA<\/p>\n<\/div><\/div>\n\n\n\n<p class=\"has-text-align-center has-small-font-size\"><a href=\"https:\/\/www.fundacjapromocjisztuk.org.pl\/?page_id=968\" target=\"_blank\" rel=\"noreferrer noopener\">Zobacz galeri\u0119.<\/a><\/p>\n\n\n\n<div class=\"wp-block-cover has-background-dim\" style=\"background-image:url(https:\/\/www.fundacjapromocjisztuk.org.pl\/wp-content\/uploads\/2020\/04\/04-Projekt-witra\u017cu-do-kaplicy-30x40-tusz-50.png)\"><div class=\"wp-block-cover__inner-container is-layout-flow wp-block-cover-is-layout-flow\">\n<p class=\"has-text-align-right has-large-font-size\">LATA 50.<br>PROJEKTY. PRACE<br><\/p>\n<\/div><\/div>\n\n\n\n<p class=\"has-text-align-center has-small-font-size\"><a rel=\"noreferrer noopener\" href=\"https:\/\/www.fundacjapromocjisztuk.org.pl\/?page_id=796\" target=\"_blank\">Zobacz galeri\u0119.<\/a><\/p>\n\n\n\n<div class=\"wp-block-cover has-background-dim\" style=\"background-image:url(https:\/\/www.fundacjapromocjisztuk.org.pl\/wp-content\/uploads\/2020\/04\/WSadley1958-scaled.jpg)\"><div class=\"wp-block-cover__inner-container is-layout-flow wp-block-cover-is-layout-flow\">\n<p class=\"has-text-align-right has-large-font-size\">WYSTAWY<\/p>\n<\/div><\/div>\n\n\n\n<p class=\"has-text-align-center has-small-font-size\"><a href=\"https:\/\/www.fundacjapromocjisztuk.org.pl\/?page_id=1116\" target=\"_blank\" rel=\"noreferrer noopener\">Zobacz galeri\u0119.<\/a><\/p>\n","protected":false},"excerpt":{"rendered":"<p>Zobacz galeri\u0119. Zobacz galeri\u0119. Zobacz galeri\u0119. Zobacz galeri\u0119. Zobacz galeri\u0119. Zobacz galeri\u0119. Zobacz galeri\u0119.<\/p>\n","protected":false},"author":1,"featured_media":0,"parent":31,"menu_order":2,"comment_status":"closed","ping_status":"closed","template":"","meta":{"footnotes":""},"class_list":["post-43","page","type-page","status-publish","hentry"],"_links":{"self":[{"href":"https:\/\/www.fundacjapromocjisztuk.org.pl\/index.php?rest_route=\/wp\/v2\/pages\/43","targetHints":{"allow":["GET"]}}],"collection":[{"href":"https:\/\/www.fundacjapromocjisztuk.org.pl\/index.php?rest_route=\/wp\/v2\/pages"}],"about":[{"href":"https:\/\/www.fundacjapromocjisztuk.org.pl\/index.php?rest_route=\/wp\/v2\/types\/page"}],"author":[{"embeddable":true,"href":"https:\/\/www.fundacjapromocjisztuk.org.pl\/index.php?rest_route=\/wp\/v2\/users\/1"}],"replies":[{"embeddable":true,"href":"https:\/\/www.fundacjapromocjisztuk.org.pl\/index.php?rest_route=%2Fwp%2Fv2%2Fcomments&post=43"}],"version-history":[{"count":20,"href":"https:\/\/www.fundacjapromocjisztuk.org.pl\/index.php?rest_route=\/wp\/v2\/pages\/43\/revisions"}],"predecessor-version":[{"id":1141,"href":"https:\/\/www.fundacjapromocjisztuk.org.pl\/index.php?rest_route=\/wp\/v2\/pages\/43\/revisions\/1141"}],"up":[{"embeddable":true,"href":"https:\/\/www.fundacjapromocjisztuk.org.pl\/index.php?rest_route=\/wp\/v2\/pages\/31"}],"wp:attachment":[{"href":"https:\/\/www.fundacjapromocjisztuk.org.pl\/index.php?rest_route=%2Fwp%2Fv2%2Fmedia&parent=43"}],"curies":[{"name":"wp","href":"https:\/\/api.w.org\/{rel}","templated":true}]}}