{"id":401,"date":"2020-04-04T08:13:45","date_gmt":"2020-04-04T08:13:45","guid":{"rendered":"https:\/\/www.fundacjapromocjisztuk.org.pl\/?page_id=401"},"modified":"2024-08-18T21:56:29","modified_gmt":"2024-08-18T21:56:29","slug":"dk","status":"publish","type":"page","link":"https:\/\/www.fundacjapromocjisztuk.org.pl\/?page_id=401","title":{"rendered":"Droga krzy\u017cowa."},"content":{"rendered":"\n<p>Cykl powsta\u0142 zasadniczo w roku 2000.<br>Sk\u0142ada si\u0119 z 18 p\u0142askorze\u017ab z br\u0105zu o wymiarach 20 x 30 cm.<br>Prezentowane fotografie wykonane zosta\u0142y w naturalnym o\u015bwietleniu s\u0142onecznym.<\/p>\n\n\n\n<figure class=\"wp-block-gallery columns-4 is-cropped wp-block-gallery-1 is-layout-flex wp-block-gallery-is-layout-flex\"><ul class=\"blocks-gallery-grid\"><li class=\"blocks-gallery-item\"><figure><a href=\"https:\/\/www.fundacjapromocjisztuk.org.pl\/wp-content\/uploads\/2020\/04\/01_MODLITWA-JEZUSA-W-OGRoJCU.jpg\"><img loading=\"lazy\" decoding=\"async\" width=\"222\" height=\"300\" src=\"https:\/\/www.fundacjapromocjisztuk.org.pl\/wp-content\/uploads\/2020\/04\/01_MODLITWA-JEZUSA-W-OGRoJCU-222x300.jpg\" alt=\"\" data-id=\"340\" data-full-url=\"https:\/\/www.fundacjapromocjisztuk.org.pl\/wp-content\/uploads\/2020\/04\/01_MODLITWA-JEZUSA-W-OGRoJCU.jpg\" data-link=\"https:\/\/www.fundacjapromocjisztuk.org.pl\/?attachment_id=340\" class=\"wp-image-340\" srcset=\"https:\/\/www.fundacjapromocjisztuk.org.pl\/wp-content\/uploads\/2020\/04\/01_MODLITWA-JEZUSA-W-OGRoJCU-222x300.jpg 222w, https:\/\/www.fundacjapromocjisztuk.org.pl\/wp-content\/uploads\/2020\/04\/01_MODLITWA-JEZUSA-W-OGRoJCU-759x1024.jpg 759w, https:\/\/www.fundacjapromocjisztuk.org.pl\/wp-content\/uploads\/2020\/04\/01_MODLITWA-JEZUSA-W-OGRoJCU-768x1037.jpg 768w, https:\/\/www.fundacjapromocjisztuk.org.pl\/wp-content\/uploads\/2020\/04\/01_MODLITWA-JEZUSA-W-OGRoJCU.jpg 1000w\" sizes=\"auto, (max-width: 222px) 100vw, 222px\" \/><\/a><figcaption class=\"blocks-gallery-item__caption\">Modlitwa Jezusa w Ogr\u00f3jcu<\/figcaption><\/figure><\/li><li class=\"blocks-gallery-item\"><figure><a href=\"https:\/\/www.fundacjapromocjisztuk.org.pl\/wp-content\/uploads\/2020\/04\/02_POCAlUNEK-JUDASZA.jpg\"><img loading=\"lazy\" decoding=\"async\" width=\"208\" height=\"300\" src=\"https:\/\/www.fundacjapromocjisztuk.org.pl\/wp-content\/uploads\/2020\/04\/02_POCAlUNEK-JUDASZA-208x300.jpg\" alt=\"\" data-id=\"341\" data-full-url=\"https:\/\/www.fundacjapromocjisztuk.org.pl\/wp-content\/uploads\/2020\/04\/02_POCAlUNEK-JUDASZA.jpg\" data-link=\"https:\/\/www.fundacjapromocjisztuk.org.pl\/?attachment_id=341\" class=\"wp-image-341\" srcset=\"https:\/\/www.fundacjapromocjisztuk.org.pl\/wp-content\/uploads\/2020\/04\/02_POCAlUNEK-JUDASZA-208x300.jpg 208w, https:\/\/www.fundacjapromocjisztuk.org.pl\/wp-content\/uploads\/2020\/04\/02_POCAlUNEK-JUDASZA-709x1024.jpg 709w, https:\/\/www.fundacjapromocjisztuk.org.pl\/wp-content\/uploads\/2020\/04\/02_POCAlUNEK-JUDASZA-768x1109.jpg 768w, https:\/\/www.fundacjapromocjisztuk.org.pl\/wp-content\/uploads\/2020\/04\/02_POCAlUNEK-JUDASZA.jpg 1000w\" sizes=\"auto, (max-width: 208px) 100vw, 208px\" \/><\/a><figcaption class=\"blocks-gallery-item__caption\">Poca\u0142unek Judasza<\/figcaption><\/figure><\/li><li class=\"blocks-gallery-item\"><figure><a href=\"https:\/\/www.fundacjapromocjisztuk.org.pl\/wp-content\/uploads\/2020\/04\/03_ZAPOARCIE-SIe-PIOTRA.jpg\"><img loading=\"lazy\" decoding=\"async\" width=\"225\" height=\"300\" src=\"https:\/\/www.fundacjapromocjisztuk.org.pl\/wp-content\/uploads\/2020\/04\/03_ZAPOARCIE-SIe-PIOTRA-225x300.jpg\" alt=\"\" data-id=\"342\" data-full-url=\"https:\/\/www.fundacjapromocjisztuk.org.pl\/wp-content\/uploads\/2020\/04\/03_ZAPOARCIE-SIe-PIOTRA.jpg\" data-link=\"https:\/\/www.fundacjapromocjisztuk.org.pl\/?attachment_id=342\" class=\"wp-image-342\" srcset=\"https:\/\/www.fundacjapromocjisztuk.org.pl\/wp-content\/uploads\/2020\/04\/03_ZAPOARCIE-SIe-PIOTRA-225x300.jpg 225w, https:\/\/www.fundacjapromocjisztuk.org.pl\/wp-content\/uploads\/2020\/04\/03_ZAPOARCIE-SIe-PIOTRA-768x1025.jpg 768w, https:\/\/www.fundacjapromocjisztuk.org.pl\/wp-content\/uploads\/2020\/04\/03_ZAPOARCIE-SIe-PIOTRA.jpg 1000w\" sizes=\"auto, (max-width: 225px) 100vw, 225px\" \/><\/a><figcaption class=\"blocks-gallery-item__caption\">Zaparcie si\u0119 Piotra<\/figcaption><\/figure><\/li><li class=\"blocks-gallery-item\"><figure><a href=\"https:\/\/www.fundacjapromocjisztuk.org.pl\/wp-content\/uploads\/2020\/04\/04_JEZUS-PRZED-PIlATEM.jpg\"><img loading=\"lazy\" decoding=\"async\" width=\"199\" height=\"300\" src=\"https:\/\/www.fundacjapromocjisztuk.org.pl\/wp-content\/uploads\/2020\/04\/04_JEZUS-PRZED-PIlATEM-199x300.jpg\" alt=\"\" data-id=\"343\" data-full-url=\"https:\/\/www.fundacjapromocjisztuk.org.pl\/wp-content\/uploads\/2020\/04\/04_JEZUS-PRZED-PIlATEM.jpg\" data-link=\"https:\/\/www.fundacjapromocjisztuk.org.pl\/?attachment_id=343\" class=\"wp-image-343\" srcset=\"https:\/\/www.fundacjapromocjisztuk.org.pl\/wp-content\/uploads\/2020\/04\/04_JEZUS-PRZED-PIlATEM-199x300.jpg 199w, https:\/\/www.fundacjapromocjisztuk.org.pl\/wp-content\/uploads\/2020\/04\/04_JEZUS-PRZED-PIlATEM-681x1024.jpg 681w, https:\/\/www.fundacjapromocjisztuk.org.pl\/wp-content\/uploads\/2020\/04\/04_JEZUS-PRZED-PIlATEM-768x1155.jpg 768w, https:\/\/www.fundacjapromocjisztuk.org.pl\/wp-content\/uploads\/2020\/04\/04_JEZUS-PRZED-PIlATEM.jpg 1000w\" sizes=\"auto, (max-width: 199px) 100vw, 199px\" \/><\/a><figcaption class=\"blocks-gallery-item__caption\">Jezus przez Pi\u0142atem<\/figcaption><\/figure><\/li><li class=\"blocks-gallery-item\"><figure><a href=\"https:\/\/www.fundacjapromocjisztuk.org.pl\/wp-content\/uploads\/2020\/04\/05_WZIeCIE-KRZYzA.jpg\"><img loading=\"lazy\" decoding=\"async\" width=\"206\" height=\"300\" src=\"https:\/\/www.fundacjapromocjisztuk.org.pl\/wp-content\/uploads\/2020\/04\/05_WZIeCIE-KRZYzA-206x300.jpg\" alt=\"\" data-id=\"344\" data-full-url=\"https:\/\/www.fundacjapromocjisztuk.org.pl\/wp-content\/uploads\/2020\/04\/05_WZIeCIE-KRZYzA.jpg\" data-link=\"https:\/\/www.fundacjapromocjisztuk.org.pl\/?attachment_id=344\" class=\"wp-image-344\" srcset=\"https:\/\/www.fundacjapromocjisztuk.org.pl\/wp-content\/uploads\/2020\/04\/05_WZIeCIE-KRZYzA-206x300.jpg 206w, https:\/\/www.fundacjapromocjisztuk.org.pl\/wp-content\/uploads\/2020\/04\/05_WZIeCIE-KRZYzA-704x1024.jpg 704w, https:\/\/www.fundacjapromocjisztuk.org.pl\/wp-content\/uploads\/2020\/04\/05_WZIeCIE-KRZYzA-768x1117.jpg 768w, https:\/\/www.fundacjapromocjisztuk.org.pl\/wp-content\/uploads\/2020\/04\/05_WZIeCIE-KRZYzA.jpg 1000w\" sizes=\"auto, (max-width: 206px) 100vw, 206px\" \/><\/a><figcaption class=\"blocks-gallery-item__caption\">Wzi\u0119cie krzy\u017ca<\/figcaption><\/figure><\/li><li class=\"blocks-gallery-item\"><figure><a href=\"https:\/\/www.fundacjapromocjisztuk.org.pl\/wp-content\/uploads\/2020\/04\/06_UPADEK-PIERWSZY.jpg\"><img loading=\"lazy\" decoding=\"async\" width=\"216\" height=\"300\" src=\"https:\/\/www.fundacjapromocjisztuk.org.pl\/wp-content\/uploads\/2020\/04\/06_UPADEK-PIERWSZY-216x300.jpg\" alt=\"\" data-id=\"345\" data-full-url=\"https:\/\/www.fundacjapromocjisztuk.org.pl\/wp-content\/uploads\/2020\/04\/06_UPADEK-PIERWSZY.jpg\" data-link=\"https:\/\/www.fundacjapromocjisztuk.org.pl\/?attachment_id=345\" class=\"wp-image-345\" srcset=\"https:\/\/www.fundacjapromocjisztuk.org.pl\/wp-content\/uploads\/2020\/04\/06_UPADEK-PIERWSZY-216x300.jpg 216w, https:\/\/www.fundacjapromocjisztuk.org.pl\/wp-content\/uploads\/2020\/04\/06_UPADEK-PIERWSZY-738x1024.jpg 738w, https:\/\/www.fundacjapromocjisztuk.org.pl\/wp-content\/uploads\/2020\/04\/06_UPADEK-PIERWSZY-768x1066.jpg 768w, https:\/\/www.fundacjapromocjisztuk.org.pl\/wp-content\/uploads\/2020\/04\/06_UPADEK-PIERWSZY.jpg 1000w\" sizes=\"auto, (max-width: 216px) 100vw, 216px\" \/><\/a><figcaption class=\"blocks-gallery-item__caption\">Upadek pierwszy<\/figcaption><\/figure><\/li><li class=\"blocks-gallery-item\"><figure><a href=\"https:\/\/www.fundacjapromocjisztuk.org.pl\/wp-content\/uploads\/2020\/04\/07_SPOTKANIE-Z-MATKa.jpg\"><img loading=\"lazy\" decoding=\"async\" width=\"214\" height=\"300\" src=\"https:\/\/www.fundacjapromocjisztuk.org.pl\/wp-content\/uploads\/2020\/04\/07_SPOTKANIE-Z-MATKa-214x300.jpg\" alt=\"\" data-id=\"346\" data-full-url=\"https:\/\/www.fundacjapromocjisztuk.org.pl\/wp-content\/uploads\/2020\/04\/07_SPOTKANIE-Z-MATKa.jpg\" data-link=\"https:\/\/www.fundacjapromocjisztuk.org.pl\/?attachment_id=346\" class=\"wp-image-346\" srcset=\"https:\/\/www.fundacjapromocjisztuk.org.pl\/wp-content\/uploads\/2020\/04\/07_SPOTKANIE-Z-MATKa-214x300.jpg 214w, https:\/\/www.fundacjapromocjisztuk.org.pl\/wp-content\/uploads\/2020\/04\/07_SPOTKANIE-Z-MATKa-731x1024.jpg 731w, https:\/\/www.fundacjapromocjisztuk.org.pl\/wp-content\/uploads\/2020\/04\/07_SPOTKANIE-Z-MATKa-768x1075.jpg 768w, https:\/\/www.fundacjapromocjisztuk.org.pl\/wp-content\/uploads\/2020\/04\/07_SPOTKANIE-Z-MATKa.jpg 1000w\" sizes=\"auto, (max-width: 214px) 100vw, 214px\" \/><\/a><figcaption class=\"blocks-gallery-item__caption\">Spotkanie z Matk\u0105<\/figcaption><\/figure><\/li><li class=\"blocks-gallery-item\"><figure><a href=\"https:\/\/www.fundacjapromocjisztuk.org.pl\/wp-content\/uploads\/2020\/04\/08_CYRENEJCZYK.jpg\"><img loading=\"lazy\" decoding=\"async\" width=\"216\" height=\"300\" src=\"https:\/\/www.fundacjapromocjisztuk.org.pl\/wp-content\/uploads\/2020\/04\/08_CYRENEJCZYK-216x300.jpg\" alt=\"\" data-id=\"347\" data-full-url=\"https:\/\/www.fundacjapromocjisztuk.org.pl\/wp-content\/uploads\/2020\/04\/08_CYRENEJCZYK.jpg\" data-link=\"https:\/\/www.fundacjapromocjisztuk.org.pl\/?attachment_id=347\" class=\"wp-image-347\" srcset=\"https:\/\/www.fundacjapromocjisztuk.org.pl\/wp-content\/uploads\/2020\/04\/08_CYRENEJCZYK-216x300.jpg 216w, https:\/\/www.fundacjapromocjisztuk.org.pl\/wp-content\/uploads\/2020\/04\/08_CYRENEJCZYK-737x1024.jpg 737w, https:\/\/www.fundacjapromocjisztuk.org.pl\/wp-content\/uploads\/2020\/04\/08_CYRENEJCZYK-768x1068.jpg 768w, https:\/\/www.fundacjapromocjisztuk.org.pl\/wp-content\/uploads\/2020\/04\/08_CYRENEJCZYK.jpg 1000w\" sizes=\"auto, (max-width: 216px) 100vw, 216px\" \/><\/a><figcaption class=\"blocks-gallery-item__caption\">Cyrenejczyk<\/figcaption><\/figure><\/li><li class=\"blocks-gallery-item\"><figure><a href=\"https:\/\/www.fundacjapromocjisztuk.org.pl\/wp-content\/uploads\/2020\/04\/09_SPOTKANIE-Z-JEZUSEM.jpg\"><img loading=\"lazy\" decoding=\"async\" width=\"211\" height=\"300\" src=\"https:\/\/www.fundacjapromocjisztuk.org.pl\/wp-content\/uploads\/2020\/04\/09_SPOTKANIE-Z-JEZUSEM-211x300.jpg\" alt=\"\" data-id=\"348\" data-full-url=\"https:\/\/www.fundacjapromocjisztuk.org.pl\/wp-content\/uploads\/2020\/04\/09_SPOTKANIE-Z-JEZUSEM.jpg\" data-link=\"https:\/\/www.fundacjapromocjisztuk.org.pl\/?attachment_id=348\" class=\"wp-image-348\" srcset=\"https:\/\/www.fundacjapromocjisztuk.org.pl\/wp-content\/uploads\/2020\/04\/09_SPOTKANIE-Z-JEZUSEM-211x300.jpg 211w, https:\/\/www.fundacjapromocjisztuk.org.pl\/wp-content\/uploads\/2020\/04\/09_SPOTKANIE-Z-JEZUSEM-721x1024.jpg 721w, https:\/\/www.fundacjapromocjisztuk.org.pl\/wp-content\/uploads\/2020\/04\/09_SPOTKANIE-Z-JEZUSEM-768x1091.jpg 768w, https:\/\/www.fundacjapromocjisztuk.org.pl\/wp-content\/uploads\/2020\/04\/09_SPOTKANIE-Z-JEZUSEM.jpg 1000w\" sizes=\"auto, (max-width: 211px) 100vw, 211px\" \/><\/a><figcaption class=\"blocks-gallery-item__caption\">Spotkanie z Jezusem<\/figcaption><\/figure><\/li><li class=\"blocks-gallery-item\"><figure><a href=\"https:\/\/www.fundacjapromocjisztuk.org.pl\/wp-content\/uploads\/2020\/04\/10_UPADEK-DRUGI.jpg\"><img loading=\"lazy\" decoding=\"async\" width=\"213\" height=\"300\" src=\"https:\/\/www.fundacjapromocjisztuk.org.pl\/wp-content\/uploads\/2020\/04\/10_UPADEK-DRUGI-213x300.jpg\" alt=\"\" data-id=\"349\" data-full-url=\"https:\/\/www.fundacjapromocjisztuk.org.pl\/wp-content\/uploads\/2020\/04\/10_UPADEK-DRUGI.jpg\" data-link=\"https:\/\/www.fundacjapromocjisztuk.org.pl\/?attachment_id=349\" class=\"wp-image-349\" srcset=\"https:\/\/www.fundacjapromocjisztuk.org.pl\/wp-content\/uploads\/2020\/04\/10_UPADEK-DRUGI-213x300.jpg 213w, https:\/\/www.fundacjapromocjisztuk.org.pl\/wp-content\/uploads\/2020\/04\/10_UPADEK-DRUGI-726x1024.jpg 726w, https:\/\/www.fundacjapromocjisztuk.org.pl\/wp-content\/uploads\/2020\/04\/10_UPADEK-DRUGI-768x1083.jpg 768w, https:\/\/www.fundacjapromocjisztuk.org.pl\/wp-content\/uploads\/2020\/04\/10_UPADEK-DRUGI.jpg 1000w\" sizes=\"auto, (max-width: 213px) 100vw, 213px\" \/><\/a><figcaption class=\"blocks-gallery-item__caption\">Upadek drugi<\/figcaption><\/figure><\/li><li class=\"blocks-gallery-item\"><figure><a href=\"https:\/\/www.fundacjapromocjisztuk.org.pl\/wp-content\/uploads\/2020\/04\/11_JEZUS-POCIESZA-NIEWIASTY.jpg\"><img loading=\"lazy\" decoding=\"async\" width=\"205\" height=\"300\" src=\"https:\/\/www.fundacjapromocjisztuk.org.pl\/wp-content\/uploads\/2020\/04\/11_JEZUS-POCIESZA-NIEWIASTY-205x300.jpg\" alt=\"\" data-id=\"350\" data-full-url=\"https:\/\/www.fundacjapromocjisztuk.org.pl\/wp-content\/uploads\/2020\/04\/11_JEZUS-POCIESZA-NIEWIASTY.jpg\" data-link=\"https:\/\/www.fundacjapromocjisztuk.org.pl\/?attachment_id=350\" class=\"wp-image-350\" srcset=\"https:\/\/www.fundacjapromocjisztuk.org.pl\/wp-content\/uploads\/2020\/04\/11_JEZUS-POCIESZA-NIEWIASTY-205x300.jpg 205w, https:\/\/www.fundacjapromocjisztuk.org.pl\/wp-content\/uploads\/2020\/04\/11_JEZUS-POCIESZA-NIEWIASTY-701x1024.jpg 701w, https:\/\/www.fundacjapromocjisztuk.org.pl\/wp-content\/uploads\/2020\/04\/11_JEZUS-POCIESZA-NIEWIASTY-768x1122.jpg 768w, https:\/\/www.fundacjapromocjisztuk.org.pl\/wp-content\/uploads\/2020\/04\/11_JEZUS-POCIESZA-NIEWIASTY.jpg 1000w\" sizes=\"auto, (max-width: 205px) 100vw, 205px\" \/><\/a><figcaption class=\"blocks-gallery-item__caption\">Jezus pociesza niewiasty<\/figcaption><\/figure><\/li><li class=\"blocks-gallery-item\"><figure><a href=\"https:\/\/www.fundacjapromocjisztuk.org.pl\/wp-content\/uploads\/2020\/04\/12_UPADEK-TRECI.jpg\"><img loading=\"lazy\" decoding=\"async\" width=\"206\" height=\"300\" src=\"https:\/\/www.fundacjapromocjisztuk.org.pl\/wp-content\/uploads\/2020\/04\/12_UPADEK-TRECI-206x300.jpg\" alt=\"\" data-id=\"351\" data-full-url=\"https:\/\/www.fundacjapromocjisztuk.org.pl\/wp-content\/uploads\/2020\/04\/12_UPADEK-TRECI.jpg\" data-link=\"https:\/\/www.fundacjapromocjisztuk.org.pl\/?attachment_id=351\" class=\"wp-image-351\" srcset=\"https:\/\/www.fundacjapromocjisztuk.org.pl\/wp-content\/uploads\/2020\/04\/12_UPADEK-TRECI-206x300.jpg 206w, https:\/\/www.fundacjapromocjisztuk.org.pl\/wp-content\/uploads\/2020\/04\/12_UPADEK-TRECI-703x1024.jpg 703w, https:\/\/www.fundacjapromocjisztuk.org.pl\/wp-content\/uploads\/2020\/04\/12_UPADEK-TRECI-768x1118.jpg 768w, https:\/\/www.fundacjapromocjisztuk.org.pl\/wp-content\/uploads\/2020\/04\/12_UPADEK-TRECI.jpg 1000w\" sizes=\"auto, (max-width: 206px) 100vw, 206px\" \/><\/a><figcaption class=\"blocks-gallery-item__caption\">Upadek trzeci<\/figcaption><\/figure><\/li><li class=\"blocks-gallery-item\"><figure><a href=\"https:\/\/www.fundacjapromocjisztuk.org.pl\/wp-content\/uploads\/2020\/04\/13_OBNAzENIE-1.jpg\"><img loading=\"lazy\" decoding=\"async\" width=\"208\" height=\"300\" src=\"https:\/\/www.fundacjapromocjisztuk.org.pl\/wp-content\/uploads\/2020\/04\/13_OBNAzENIE-1-208x300.jpg\" alt=\"\" data-id=\"352\" data-full-url=\"https:\/\/www.fundacjapromocjisztuk.org.pl\/wp-content\/uploads\/2020\/04\/13_OBNAzENIE-1.jpg\" data-link=\"https:\/\/www.fundacjapromocjisztuk.org.pl\/?attachment_id=352\" class=\"wp-image-352\" srcset=\"https:\/\/www.fundacjapromocjisztuk.org.pl\/wp-content\/uploads\/2020\/04\/13_OBNAzENIE-1-208x300.jpg 208w, https:\/\/www.fundacjapromocjisztuk.org.pl\/wp-content\/uploads\/2020\/04\/13_OBNAzENIE-1-711x1024.jpg 711w, https:\/\/www.fundacjapromocjisztuk.org.pl\/wp-content\/uploads\/2020\/04\/13_OBNAzENIE-1-768x1107.jpg 768w, https:\/\/www.fundacjapromocjisztuk.org.pl\/wp-content\/uploads\/2020\/04\/13_OBNAzENIE-1.jpg 1000w\" sizes=\"auto, (max-width: 208px) 100vw, 208px\" \/><\/a><figcaption class=\"blocks-gallery-item__caption\">Obna\u017cenie<\/figcaption><\/figure><\/li><li class=\"blocks-gallery-item\"><figure><a href=\"https:\/\/www.fundacjapromocjisztuk.org.pl\/wp-content\/uploads\/2020\/04\/14_PRZYBICIE-DO-KRZYzA.jpg\"><img loading=\"lazy\" decoding=\"async\" width=\"211\" height=\"300\" src=\"https:\/\/www.fundacjapromocjisztuk.org.pl\/wp-content\/uploads\/2020\/04\/14_PRZYBICIE-DO-KRZYzA-211x300.jpg\" alt=\"\" data-id=\"353\" data-full-url=\"https:\/\/www.fundacjapromocjisztuk.org.pl\/wp-content\/uploads\/2020\/04\/14_PRZYBICIE-DO-KRZYzA.jpg\" data-link=\"https:\/\/www.fundacjapromocjisztuk.org.pl\/?attachment_id=353\" class=\"wp-image-353\" srcset=\"https:\/\/www.fundacjapromocjisztuk.org.pl\/wp-content\/uploads\/2020\/04\/14_PRZYBICIE-DO-KRZYzA-211x300.jpg 211w, https:\/\/www.fundacjapromocjisztuk.org.pl\/wp-content\/uploads\/2020\/04\/14_PRZYBICIE-DO-KRZYzA-721x1024.jpg 721w, https:\/\/www.fundacjapromocjisztuk.org.pl\/wp-content\/uploads\/2020\/04\/14_PRZYBICIE-DO-KRZYzA-768x1091.jpg 768w, https:\/\/www.fundacjapromocjisztuk.org.pl\/wp-content\/uploads\/2020\/04\/14_PRZYBICIE-DO-KRZYzA.jpg 1000w\" sizes=\"auto, (max-width: 211px) 100vw, 211px\" \/><\/a><figcaption class=\"blocks-gallery-item__caption\">Przybicie do krzy\u017ca<\/figcaption><\/figure><\/li><li class=\"blocks-gallery-item\"><figure><a href=\"https:\/\/www.fundacjapromocjisztuk.org.pl\/wp-content\/uploads\/2020\/04\/15_POD-KRZYzM.jpg\"><img loading=\"lazy\" decoding=\"async\" width=\"210\" height=\"300\" src=\"https:\/\/www.fundacjapromocjisztuk.org.pl\/wp-content\/uploads\/2020\/04\/15_POD-KRZYzM-210x300.jpg\" alt=\"\" data-id=\"354\" data-full-url=\"https:\/\/www.fundacjapromocjisztuk.org.pl\/wp-content\/uploads\/2020\/04\/15_POD-KRZYzM.jpg\" data-link=\"https:\/\/www.fundacjapromocjisztuk.org.pl\/?attachment_id=354\" class=\"wp-image-354\" srcset=\"https:\/\/www.fundacjapromocjisztuk.org.pl\/wp-content\/uploads\/2020\/04\/15_POD-KRZYzM-210x300.jpg 210w, https:\/\/www.fundacjapromocjisztuk.org.pl\/wp-content\/uploads\/2020\/04\/15_POD-KRZYzM-717x1024.jpg 717w, https:\/\/www.fundacjapromocjisztuk.org.pl\/wp-content\/uploads\/2020\/04\/15_POD-KRZYzM-768x1097.jpg 768w, https:\/\/www.fundacjapromocjisztuk.org.pl\/wp-content\/uploads\/2020\/04\/15_POD-KRZYzM.jpg 1000w\" sizes=\"auto, (max-width: 210px) 100vw, 210px\" \/><\/a><figcaption class=\"blocks-gallery-item__caption\">Pod krzy\u017cem<\/figcaption><\/figure><\/li><li class=\"blocks-gallery-item\"><figure><a href=\"https:\/\/www.fundacjapromocjisztuk.org.pl\/wp-content\/uploads\/2020\/04\/16_PIETA.jpg\"><img loading=\"lazy\" decoding=\"async\" width=\"212\" height=\"300\" src=\"https:\/\/www.fundacjapromocjisztuk.org.pl\/wp-content\/uploads\/2020\/04\/16_PIETA-212x300.jpg\" alt=\"\" data-id=\"355\" data-full-url=\"https:\/\/www.fundacjapromocjisztuk.org.pl\/wp-content\/uploads\/2020\/04\/16_PIETA.jpg\" data-link=\"https:\/\/www.fundacjapromocjisztuk.org.pl\/?attachment_id=355\" class=\"wp-image-355\" srcset=\"https:\/\/www.fundacjapromocjisztuk.org.pl\/wp-content\/uploads\/2020\/04\/16_PIETA-212x300.jpg 212w, https:\/\/www.fundacjapromocjisztuk.org.pl\/wp-content\/uploads\/2020\/04\/16_PIETA-723x1024.jpg 723w, https:\/\/www.fundacjapromocjisztuk.org.pl\/wp-content\/uploads\/2020\/04\/16_PIETA-768x1088.jpg 768w, https:\/\/www.fundacjapromocjisztuk.org.pl\/wp-content\/uploads\/2020\/04\/16_PIETA.jpg 1000w\" sizes=\"auto, (max-width: 212px) 100vw, 212px\" \/><\/a><figcaption class=\"blocks-gallery-item__caption\">Pieta<\/figcaption><\/figure><\/li><li class=\"blocks-gallery-item\"><figure><a href=\"https:\/\/www.fundacjapromocjisztuk.org.pl\/wp-content\/uploads\/2020\/04\/17_ZlOzENIE-DO-GROBU.jpg\"><img loading=\"lazy\" decoding=\"async\" width=\"214\" height=\"300\" src=\"https:\/\/www.fundacjapromocjisztuk.org.pl\/wp-content\/uploads\/2020\/04\/17_ZlOzENIE-DO-GROBU-214x300.jpg\" alt=\"\" data-id=\"356\" data-full-url=\"https:\/\/www.fundacjapromocjisztuk.org.pl\/wp-content\/uploads\/2020\/04\/17_ZlOzENIE-DO-GROBU.jpg\" data-link=\"https:\/\/www.fundacjapromocjisztuk.org.pl\/?attachment_id=356\" class=\"wp-image-356\" srcset=\"https:\/\/www.fundacjapromocjisztuk.org.pl\/wp-content\/uploads\/2020\/04\/17_ZlOzENIE-DO-GROBU-214x300.jpg 214w, https:\/\/www.fundacjapromocjisztuk.org.pl\/wp-content\/uploads\/2020\/04\/17_ZlOzENIE-DO-GROBU-731x1024.jpg 731w, https:\/\/www.fundacjapromocjisztuk.org.pl\/wp-content\/uploads\/2020\/04\/17_ZlOzENIE-DO-GROBU-768x1076.jpg 768w, https:\/\/www.fundacjapromocjisztuk.org.pl\/wp-content\/uploads\/2020\/04\/17_ZlOzENIE-DO-GROBU.jpg 1000w\" sizes=\"auto, (max-width: 214px) 100vw, 214px\" \/><\/a><figcaption class=\"blocks-gallery-item__caption\">Z\u0142o\u017cenie do grobu<\/figcaption><\/figure><\/li><li class=\"blocks-gallery-item\"><figure><a href=\"https:\/\/www.fundacjapromocjisztuk.org.pl\/wp-content\/uploads\/2020\/04\/18_ZMARTWYCHWSTANIE.jpg\"><img loading=\"lazy\" decoding=\"async\" width=\"218\" height=\"300\" src=\"https:\/\/www.fundacjapromocjisztuk.org.pl\/wp-content\/uploads\/2020\/04\/18_ZMARTWYCHWSTANIE-218x300.jpg\" alt=\"\" data-id=\"357\" data-full-url=\"https:\/\/www.fundacjapromocjisztuk.org.pl\/wp-content\/uploads\/2020\/04\/18_ZMARTWYCHWSTANIE.jpg\" data-link=\"https:\/\/www.fundacjapromocjisztuk.org.pl\/?attachment_id=357\" class=\"wp-image-357\" srcset=\"https:\/\/www.fundacjapromocjisztuk.org.pl\/wp-content\/uploads\/2020\/04\/18_ZMARTWYCHWSTANIE-218x300.jpg 218w, https:\/\/www.fundacjapromocjisztuk.org.pl\/wp-content\/uploads\/2020\/04\/18_ZMARTWYCHWSTANIE-744x1024.jpg 744w, https:\/\/www.fundacjapromocjisztuk.org.pl\/wp-content\/uploads\/2020\/04\/18_ZMARTWYCHWSTANIE-768x1058.jpg 768w, https:\/\/www.fundacjapromocjisztuk.org.pl\/wp-content\/uploads\/2020\/04\/18_ZMARTWYCHWSTANIE.jpg 1000w\" sizes=\"auto, (max-width: 218px) 100vw, 218px\" \/><\/a><figcaption class=\"blocks-gallery-item__caption\">Zmartwychwstanie<\/figcaption><\/figure><\/li><\/ul><\/figure>\n","protected":false},"excerpt":{"rendered":"<p>Cykl powsta\u0142 zasadniczo w roku 2000.Sk\u0142ada si\u0119 z 18 p\u0142askorze\u017ab z br\u0105zu o wymiarach 20 x 30 cm.Prezentowane fotografie wykonane zosta\u0142y w naturalnym o\u015bwietleniu s\u0142onecznym.<\/p>\n","protected":false},"author":1,"featured_media":0,"parent":1354,"menu_order":1,"comment_status":"closed","ping_status":"closed","template":"onecolumn-page.php","meta":{"footnotes":""},"class_list":["post-401","page","type-page","status-publish","hentry"],"_links":{"self":[{"href":"https:\/\/www.fundacjapromocjisztuk.org.pl\/index.php?rest_route=\/wp\/v2\/pages\/401","targetHints":{"allow":["GET"]}}],"collection":[{"href":"https:\/\/www.fundacjapromocjisztuk.org.pl\/index.php?rest_route=\/wp\/v2\/pages"}],"about":[{"href":"https:\/\/www.fundacjapromocjisztuk.org.pl\/index.php?rest_route=\/wp\/v2\/types\/page"}],"author":[{"embeddable":true,"href":"https:\/\/www.fundacjapromocjisztuk.org.pl\/index.php?rest_route=\/wp\/v2\/users\/1"}],"replies":[{"embeddable":true,"href":"https:\/\/www.fundacjapromocjisztuk.org.pl\/index.php?rest_route=%2Fwp%2Fv2%2Fcomments&post=401"}],"version-history":[{"count":2,"href":"https:\/\/www.fundacjapromocjisztuk.org.pl\/index.php?rest_route=\/wp\/v2\/pages\/401\/revisions"}],"predecessor-version":[{"id":406,"href":"https:\/\/www.fundacjapromocjisztuk.org.pl\/index.php?rest_route=\/wp\/v2\/pages\/401\/revisions\/406"}],"up":[{"embeddable":true,"href":"https:\/\/www.fundacjapromocjisztuk.org.pl\/index.php?rest_route=\/wp\/v2\/pages\/1354"}],"wp:attachment":[{"href":"https:\/\/www.fundacjapromocjisztuk.org.pl\/index.php?rest_route=%2Fwp%2Fv2%2Fmedia&parent=401"}],"curies":[{"name":"wp","href":"https:\/\/api.w.org\/{rel}","templated":true}]}}