{"id":31,"date":"2020-04-01T14:03:01","date_gmt":"2020-04-01T14:03:01","guid":{"rendered":"https:\/\/www.fundacjapromocjisztuk.org.pl\/?page_id=31"},"modified":"2024-08-18T21:56:29","modified_gmt":"2024-08-18T21:56:29","slug":"artysci","status":"publish","type":"page","link":"https:\/\/www.fundacjapromocjisztuk.org.pl\/?page_id=31","title":{"rendered":"Arty\u015bci"},"content":{"rendered":"\n<p>Od pocz\u0105tku swego istnienia Fundacja Promocji Sztuk wsp\u00f3\u0142pracuje z wybitnymi polskim artystami, kt\u00f3rzy sw\u0105 tw\u00f3rcz\u0105 drog\u0119 zaczynali na prze\u0142omie lat 50. i 60.<br>Mieli\u015bmy zaszczyt cieszy\u0107 si\u0119 osobistym kontaktem z Profesorami &#8211; Januszem Kaczmarskim, Stanis\u0142awem Kulonem, Wojciechem Sadleyem i Gustawem Zem\u0142\u0105. Organizowali\u015bmy wystawy, pokazy i dokumentowali\u015bmy Ich dokonania w publikacjach.<br>Obecnie, dzi\u0119ki dotacji z Programu &#8222;Kultura w sieci&#8221; &#8211; odzwierciedlamy Ich tw\u00f3rczo\u015b\u0107 w Internecie.<\/p>\n\n\n\n<figure class=\"wp-block-image\"><img decoding=\"async\" src=\"https:\/\/gustawzemla.pl\/wp-content\/uploads\/2020\/06\/2020-NCK_dofinans_kulturawsieci-rgb-1024x256.jpg\" alt=\"Obrazek posiada pusty atrybut alt; plik o nazwie 2020-NCK_dofinans_kulturawsieci-rgb-1024x256.jpg\"\/><\/figure>\n","protected":false},"excerpt":{"rendered":"<p>Od pocz\u0105tku swego istnienia Fundacja Promocji Sztuk wsp\u00f3\u0142pracuje z wybitnymi polskim artystami, kt\u00f3rzy sw\u0105 tw\u00f3rcz\u0105 drog\u0119 zaczynali na prze\u0142omie lat 50. i 60.Mieli\u015bmy zaszczyt cieszy\u0107 si\u0119 osobistym kontaktem z Profesorami &#8211; Januszem Kaczmarskim, Stanis\u0142awem Kulonem, Wojciechem Sadleyem i Gustawem Zem\u0142\u0105. &hellip; <a href=\"https:\/\/www.fundacjapromocjisztuk.org.pl\/?page_id=31\">Czytaj dalej <span class=\"meta-nav\">&rarr;<\/span><\/a><\/p>\n","protected":false},"author":1,"featured_media":0,"parent":0,"menu_order":0,"comment_status":"closed","ping_status":"closed","template":"","meta":{"footnotes":""},"class_list":["post-31","page","type-page","status-publish","hentry"],"_links":{"self":[{"href":"https:\/\/www.fundacjapromocjisztuk.org.pl\/index.php?rest_route=\/wp\/v2\/pages\/31","targetHints":{"allow":["GET"]}}],"collection":[{"href":"https:\/\/www.fundacjapromocjisztuk.org.pl\/index.php?rest_route=\/wp\/v2\/pages"}],"about":[{"href":"https:\/\/www.fundacjapromocjisztuk.org.pl\/index.php?rest_route=\/wp\/v2\/types\/page"}],"author":[{"embeddable":true,"href":"https:\/\/www.fundacjapromocjisztuk.org.pl\/index.php?rest_route=\/wp\/v2\/users\/1"}],"replies":[{"embeddable":true,"href":"https:\/\/www.fundacjapromocjisztuk.org.pl\/index.php?rest_route=%2Fwp%2Fv2%2Fcomments&post=31"}],"version-history":[{"count":8,"href":"https:\/\/www.fundacjapromocjisztuk.org.pl\/index.php?rest_route=\/wp\/v2\/pages\/31\/revisions"}],"predecessor-version":[{"id":1346,"href":"https:\/\/www.fundacjapromocjisztuk.org.pl\/index.php?rest_route=\/wp\/v2\/pages\/31\/revisions\/1346"}],"wp:attachment":[{"href":"https:\/\/www.fundacjapromocjisztuk.org.pl\/index.php?rest_route=%2Fwp%2Fv2%2Fmedia&parent=31"}],"curies":[{"name":"wp","href":"https:\/\/api.w.org\/{rel}","templated":true}]}}