{"id":1354,"date":"2020-06-30T19:01:34","date_gmt":"2020-06-30T19:01:34","guid":{"rendered":"https:\/\/www.fundacjapromocjisztuk.org.pl\/?page_id=1354"},"modified":"2024-08-18T21:56:29","modified_gmt":"2024-08-18T21:56:29","slug":"plaskorzezby","status":"publish","type":"page","link":"https:\/\/www.fundacjapromocjisztuk.org.pl\/?page_id=1354","title":{"rendered":"P\u0142askorze\u017aby"},"content":{"rendered":"\n<div class=\"wp-block-cover has-background-dim\" style=\"background-image:url(https:\/\/www.fundacjapromocjisztuk.org.pl\/wp-content\/uploads\/2020\/06\/\u015aOB.jpg)\"><div class=\"wp-block-cover__inner-container is-layout-flow wp-block-cover-is-layout-flow\">\n<p class=\"has-text-align-right has-large-font-size\">P\u0142askorze\u017aby<\/p>\n<\/div><\/div>\n\n\n\n<p class=\"has-text-align-center has-small-font-size\">Cykle:  <a rel=\"noreferrer noopener\" href=\"https:\/\/www.fundacjapromocjisztuk.org.pl\/?page_id=415\" target=\"_blank\">Wrota do przesz\u0142o\u015bci<\/a>      <a rel=\"noreferrer noopener\" href=\"https:\/\/www.fundacjapromocjisztuk.org.pl\/?page_id=401\" target=\"_blank\">Droga krzy\u017cowa<\/a>      <a rel=\"noreferrer noopener\" href=\"https:\/\/www.fundacjapromocjisztuk.org.pl\/?page_id=419\" target=\"_blank\">Caritas<\/a>      <a rel=\"noreferrer noopener\" href=\"https:\/\/www.fundacjapromocjisztuk.org.pl\/?page_id=417\" target=\"_blank\">Ave Maria<\/a><\/p>\n","protected":false},"excerpt":{"rendered":"<p>Cykle: Wrota do przesz\u0142o\u015bci Droga krzy\u017cowa Caritas Ave Maria<\/p>\n","protected":false},"author":1,"featured_media":0,"parent":48,"menu_order":0,"comment_status":"closed","ping_status":"closed","template":"","meta":{"footnotes":""},"class_list":["post-1354","page","type-page","status-publish","hentry"],"_links":{"self":[{"href":"https:\/\/www.fundacjapromocjisztuk.org.pl\/index.php?rest_route=\/wp\/v2\/pages\/1354","targetHints":{"allow":["GET"]}}],"collection":[{"href":"https:\/\/www.fundacjapromocjisztuk.org.pl\/index.php?rest_route=\/wp\/v2\/pages"}],"about":[{"href":"https:\/\/www.fundacjapromocjisztuk.org.pl\/index.php?rest_route=\/wp\/v2\/types\/page"}],"author":[{"embeddable":true,"href":"https:\/\/www.fundacjapromocjisztuk.org.pl\/index.php?rest_route=\/wp\/v2\/users\/1"}],"replies":[{"embeddable":true,"href":"https:\/\/www.fundacjapromocjisztuk.org.pl\/index.php?rest_route=%2Fwp%2Fv2%2Fcomments&post=1354"}],"version-history":[{"count":6,"href":"https:\/\/www.fundacjapromocjisztuk.org.pl\/index.php?rest_route=\/wp\/v2\/pages\/1354\/revisions"}],"predecessor-version":[{"id":1377,"href":"https:\/\/www.fundacjapromocjisztuk.org.pl\/index.php?rest_route=\/wp\/v2\/pages\/1354\/revisions\/1377"}],"up":[{"embeddable":true,"href":"https:\/\/www.fundacjapromocjisztuk.org.pl\/index.php?rest_route=\/wp\/v2\/pages\/48"}],"wp:attachment":[{"href":"https:\/\/www.fundacjapromocjisztuk.org.pl\/index.php?rest_route=%2Fwp%2Fv2%2Fmedia&parent=1354"}],"curies":[{"name":"wp","href":"https:\/\/api.w.org\/{rel}","templated":true}]}}