{"id":1341,"date":"2020-06-30T18:13:25","date_gmt":"2020-06-30T18:13:25","guid":{"rendered":"https:\/\/www.fundacjapromocjisztuk.org.pl\/?page_id=1341"},"modified":"2024-08-18T21:56:17","modified_gmt":"2024-08-18T21:56:17","slug":"biografia","status":"publish","type":"page","link":"https:\/\/www.fundacjapromocjisztuk.org.pl\/?page_id=1341","title":{"rendered":"Biografia"},"content":{"rendered":"\n<div class=\"wp-block-media-text alignwide is-stacked-on-mobile\"><figure class=\"wp-block-media-text__media\"><img loading=\"lazy\" decoding=\"async\" width=\"768\" height=\"1024\" src=\"https:\/\/www.fundacjapromocjisztuk.org.pl\/wp-content\/uploads\/2020\/06\/SAM_6795-768x1024.jpg\" alt=\"\" class=\"wp-image-1342\" srcset=\"https:\/\/www.fundacjapromocjisztuk.org.pl\/wp-content\/uploads\/2020\/06\/SAM_6795-768x1024.jpg 768w, https:\/\/www.fundacjapromocjisztuk.org.pl\/wp-content\/uploads\/2020\/06\/SAM_6795-225x300.jpg 225w, https:\/\/www.fundacjapromocjisztuk.org.pl\/wp-content\/uploads\/2020\/06\/SAM_6795-1152x1536.jpg 1152w, https:\/\/www.fundacjapromocjisztuk.org.pl\/wp-content\/uploads\/2020\/06\/SAM_6795-1536x2048.jpg 1536w, https:\/\/www.fundacjapromocjisztuk.org.pl\/wp-content\/uploads\/2020\/06\/SAM_6795-scaled.jpg 1920w\" sizes=\"auto, (max-width: 768px) 100vw, 768px\" \/><\/figure><div class=\"wp-block-media-text__content\">\n<p class=\"has-small-font-size\"><strong>Prof. Stanis\u0142aw Kulon<\/strong> urodzi\u0142 si\u0119 w 1930 r. w Sobiesku na Kresach Wschodnich. W 1940 r. wraz z rodzin\u0105 zosta\u0142 wywieziony przez Sowiet\u00f3w na Ural, sk\u0105d &#8211; utraciwszy tam rodzic\u00f3w i tr\u00f3jk\u0119 rodze\u0144stwa &#8211; wr\u00f3ci\u0142 w 1946 r. do Polski. Pocz\u0105tkowo przebywa\u0142 w Domu Dziecka w Sopocie, nast\u0119pnie kszta\u0142ci\u0142 si\u0119 pod kierunkiem prof. Antoniego Kenara w zakopia\u0144skim Liceum Technik Plastycznych, kt\u00f3re uko\u0144czy\u0142 w 1952 r. W latach 1952-1958 studiowa\u0142 na wydziale Rze\u017aby Akademii Sztuk Pi\u0119knych w Warszawie w pracowniach prof. Ludwiki Nitschowej i prof. Mariana Wnuka. Dyplom z wyr\u00f3\u017cnieniem otrzyma\u0142 w 1958 r. Nast\u0119pnie do roku 1960 by\u0142 asystentem w pracowni prof. L. Nitschowej. W latach 1988-2000 by\u0142 profesorem wydzia\u0142u rze\u017aby. Obecnie, na emeryturze, tworzy nadal.<\/p>\n<\/div><\/div>\n","protected":false},"excerpt":{"rendered":"<p>Prof. Stanis\u0142aw Kulon urodzi\u0142 si\u0119 w 1930 r. w Sobiesku na Kresach Wschodnich. W 1940 r. wraz z rodzin\u0105 zosta\u0142 wywieziony przez Sowiet\u00f3w na Ural, sk\u0105d &#8211; utraciwszy tam rodzic\u00f3w i tr\u00f3jk\u0119 rodze\u0144stwa &#8211; wr\u00f3ci\u0142 w 1946 r. do Polski. &hellip; <a href=\"https:\/\/www.fundacjapromocjisztuk.org.pl\/?page_id=1341\">Czytaj dalej <span class=\"meta-nav\">&rarr;<\/span><\/a><\/p>\n","protected":false},"author":1,"featured_media":0,"parent":38,"menu_order":0,"comment_status":"closed","ping_status":"closed","template":"","meta":{"footnotes":""},"class_list":["post-1341","page","type-page","status-publish","hentry"],"_links":{"self":[{"href":"https:\/\/www.fundacjapromocjisztuk.org.pl\/index.php?rest_route=\/wp\/v2\/pages\/1341","targetHints":{"allow":["GET"]}}],"collection":[{"href":"https:\/\/www.fundacjapromocjisztuk.org.pl\/index.php?rest_route=\/wp\/v2\/pages"}],"about":[{"href":"https:\/\/www.fundacjapromocjisztuk.org.pl\/index.php?rest_route=\/wp\/v2\/types\/page"}],"author":[{"embeddable":true,"href":"https:\/\/www.fundacjapromocjisztuk.org.pl\/index.php?rest_route=\/wp\/v2\/users\/1"}],"replies":[{"embeddable":true,"href":"https:\/\/www.fundacjapromocjisztuk.org.pl\/index.php?rest_route=%2Fwp%2Fv2%2Fcomments&post=1341"}],"version-history":[{"count":2,"href":"https:\/\/www.fundacjapromocjisztuk.org.pl\/index.php?rest_route=\/wp\/v2\/pages\/1341\/revisions"}],"predecessor-version":[{"id":1344,"href":"https:\/\/www.fundacjapromocjisztuk.org.pl\/index.php?rest_route=\/wp\/v2\/pages\/1341\/revisions\/1344"}],"up":[{"embeddable":true,"href":"https:\/\/www.fundacjapromocjisztuk.org.pl\/index.php?rest_route=\/wp\/v2\/pages\/38"}],"wp:attachment":[{"href":"https:\/\/www.fundacjapromocjisztuk.org.pl\/index.php?rest_route=%2Fwp%2Fv2%2Fmedia&parent=1341"}],"curies":[{"name":"wp","href":"https:\/\/api.w.org\/{rel}","templated":true}]}}